{"id":16,"date":"2020-07-22T09:50:15","date_gmt":"2020-07-22T09:50:15","guid":{"rendered":"https:\/\/demo.cmssuperheroes.com\/themeforest\/kindori\/?page_id=16"},"modified":"2023-07-14T07:47:12","modified_gmt":"2023-07-14T05:47:12","slug":"terapii","status":"publish","type":"page","link":"https:\/\/asociatiaeducare.ro\/ro\/terapii\/","title":{"rendered":"Terapii"},"content":{"rendered":"\t\t<div data-elementor-type=\"wp-page\" data-elementor-id=\"16\" class=\"elementor elementor-16\">\n\t\t\t\t\t\t\t        <section class=\"elementor-section elementor-top-section elementor-element elementor-element-65ba7ed elementor-section-boxed elementor-section-height-default elementor-section-height-default\" data-id=\"65ba7ed\" data-element_type=\"section\">\n\t\t\n\t\t        <div class=\"elementor-container elementor-column-gap-default \" >\n\t\t        <div class=\"elementor-column elementor-col-100 elementor-top-column elementor-element elementor-element-29f9abc\" data-id=\"29f9abc\" data-element_type=\"column\">\n        <div class=\"elementor-widget-wrap elementor-element-populated\">\n                        \t\t<div class=\"elementor-element elementor-element-d95e76e elementor-widget elementor-widget-cms_heading\" data-id=\"d95e76e\" data-element_type=\"widget\" data-widget_type=\"cms_heading.default\">\n\t\t\t\t<div class=\"elementor-widget-container\">\n\t\t\t<div class=\"cms-heading-wrapper cms-heading-layout1 \">\r\n    \r\n            <h3 class=\"custom-heading\">\r\n            <span                 >\r\n                Terapii<\/span>\r\n        <\/h3>\r\n        \r\n    <\/div>\t\t<\/div>\n\t\t\t\t<\/div>\n\t\t        <\/div>\n        <\/div>\n        \t\t        <\/div>\n        <\/section>\n\t\t        <section class=\"elementor-section elementor-top-section elementor-element elementor-element-8fbc3cd elementor-section-boxed elementor-section-height-default elementor-section-height-default\" data-id=\"8fbc3cd\" data-element_type=\"section\">\n\t\t\n\t\t        <div class=\"elementor-container elementor-column-gap-default \" >\n\t\t        <div class=\"elementor-column elementor-col-33 elementor-top-column elementor-element elementor-element-53ac46c\" data-id=\"53ac46c\" data-element_type=\"column\">\n        <div class=\"elementor-widget-wrap elementor-element-populated\">\n                        \t\t<div class=\"elementor-element elementor-element-2062d79 elementor-widget elementor-widget-text-editor\" data-id=\"2062d79\" data-element_type=\"widget\" data-widget_type=\"text-editor.default\">\n\t\t\t\t<div class=\"elementor-widget-container\">\n\t\t\t<style>\/*! elementor - v3.10.0 - 09-01-2023 *\/\n.elementor-widget-text-editor.elementor-drop-cap-view-stacked .elementor-drop-cap{background-color:#818a91;color:#fff}.elementor-widget-text-editor.elementor-drop-cap-view-framed .elementor-drop-cap{color:#818a91;border:3px solid;background-color:transparent}.elementor-widget-text-editor:not(.elementor-drop-cap-view-default) .elementor-drop-cap{margin-top:8px}.elementor-widget-text-editor:not(.elementor-drop-cap-view-default) .elementor-drop-cap-letter{width:1em;height:1em}.elementor-widget-text-editor .elementor-drop-cap{float:left;text-align:center;line-height:1;font-size:50px}.elementor-widget-text-editor .elementor-drop-cap-letter{display:inline-block}<\/style>\t\t\t\t<p style=\"text-align: center;\"><span style=\"font-size: 14pt; color: #ffffff;\">Terapia tulburarilor de limbaj<\/span><br \/><span style=\"font-size: 14pt; color: #ffffff;\">Logopedie<\/span><\/p>\t\t\t\t\t\t<\/div>\n\t\t\t\t<\/div>\n\t\t\t\t<div class=\"elementor-element elementor-element-f6c0066 elementor-widget elementor-widget-text-editor\" data-id=\"f6c0066\" data-element_type=\"widget\" data-widget_type=\"text-editor.default\">\n\t\t\t\t<div class=\"elementor-widget-container\">\n\t\t\t\t\t\t\t<p class=\"MsoNormal\">Terapia tulburarilor de vorbire \u0219i limbaj abordeaz\u0103 provoc\u0103rile legate de limbaj \u0219i comunicare. Poate ajuta copiii cu autism s\u0103-\u0219i \u00eembun\u0103t\u0103\u021beasc\u0103 comunicarea verbal\u0103, nonverbal\u0103 \u0219i social\u0103. Scopul general este de a ajuta persoana s\u0103 comunice \u00een moduri mai utile \u0219i mai func\u021bionale.<\/p><p class=\"MsoNormal\">Provoc\u0103rile legate de comunicare \u0219i vorbire variaz\u0103 de la persoan\u0103 la persoan\u0103. Unii copii din spectrul autismului sunt non verbali. Altora le place s\u0103 vorbeasc\u0103, dar au dificult\u0103\u021bi in men\u021binerea unei conversa\u021bii sau in \u00een\u021beleagerea limbajul corpului \u0219i expresiilor faciale atunci c\u00e2nd vorbesc cu ceilal\u021bi.<\/p><p class=\"MsoNormal\">Un program de terapie logopedic\u0103 \u00eencepe cu o evaluare pentru stabili punctele forte \u0219i provoc\u0103rile de comunicare ale persoanei. Dupa aceast\u0103 evaluare, logopedul creeaz\u0103 obiective individuale pentru terapie.<\/p>\t\t\t\t\t\t<\/div>\n\t\t\t\t<\/div>\n\t\t        <\/div>\n        <\/div>\n                <div class=\"elementor-column elementor-col-33 elementor-top-column elementor-element elementor-element-c63c9c2\" data-id=\"c63c9c2\" data-element_type=\"column\">\n        <div class=\"elementor-widget-wrap elementor-element-populated\">\n                        \t\t<div class=\"elementor-element elementor-element-8ebeed5 elementor-widget elementor-widget-text-editor\" data-id=\"8ebeed5\" data-element_type=\"widget\" data-widget_type=\"text-editor.default\">\n\t\t\t\t<div class=\"elementor-widget-container\">\n\t\t\t\t\t\t\t<p style=\"text-align: center;\"><span style=\"font-size: 14pt; color: #ffffff;\">Terapie de integrare<\/span><br \/><span style=\"font-size: 14pt; color: #ffffff;\">Senzoriala<\/span><\/p>\t\t\t\t\t\t<\/div>\n\t\t\t\t<\/div>\n\t\t\t\t<div class=\"elementor-element elementor-element-c3d5723 elementor-widget elementor-widget-text-editor\" data-id=\"c3d5723\" data-element_type=\"widget\" data-widget_type=\"text-editor.default\">\n\t\t\t\t<div class=\"elementor-widget-container\">\n\t\t\t\t\t\t\t<p class=\"MsoNormal\">Diverse activit\u0103\u021bi necesit\u0103 ac\u021bionarea simultan\u0103 a mai multor sim\u021buri \u2013 de exemplu, atunci c\u00e2nd un copil m\u0103n\u00e2nc\u0103, sim\u021bul mirosului este activat, astfel \u00eenc\u00e2t copilul s\u0103 recunoasc\u0103 ceea ce m\u0103n\u00e2nc\u0103. \u00centre timp, sim\u021bul auzului filtreaz\u0103 \u00een mod natural zgomotul de fundal, \u0219i sim\u021bul v\u0103zului copilului este activat; ad\u0103ug\u00e2ndu-i sim\u021bul tactil care informeaz\u0103 copilul despre textura hranei. Cu toate acestea, dac\u0103 oricare dintre aceste sim\u021buri este supra sau sub stimulat (cum este adesea la copiii cu autism), dorin\u021ba copilului de a m\u00e2nca este afectat\u0103 \u0219i hrana ar putea s\u0103 nu fie savurat\u0103.<\/p><p>Terapia de integrare senzorial\u0103 este folosit\u0103 pentru a ajuta copiii s\u0103 \u00eenve\u021be s\u0103-\u0219i foloseasc\u0103 toate sim\u021burile \u00eempreun\u0103 \u2013 adic\u0103 atingerea, mirosul, gustul, vederea \u0219i auzul. Aceast\u0103 terapie poate \u00eembun\u0103t\u0103\u021bi si comportamentul neadecvat sau repetitiv.<\/p>\t\t\t\t\t\t<\/div>\n\t\t\t\t<\/div>\n\t\t        <\/div>\n        <\/div>\n                <div class=\"elementor-column elementor-col-33 elementor-top-column elementor-element elementor-element-07a2e52\" data-id=\"07a2e52\" data-element_type=\"column\">\n        <div class=\"elementor-widget-wrap elementor-element-populated\">\n                        \t\t<div class=\"elementor-element elementor-element-762fa44 elementor-widget elementor-widget-text-editor\" data-id=\"762fa44\" data-element_type=\"widget\" data-widget_type=\"text-editor.default\">\n\t\t\t\t<div class=\"elementor-widget-container\">\n\t\t\t\t\t\t\t<p style=\"text-align: center;\"><span style=\"font-size: 14pt; color: #ffffff;\">Terapie cognitiv<\/span><br \/><span style=\"font-size: 14pt; color: #ffffff;\">Comportamentala<\/span><\/p>\t\t\t\t\t\t<\/div>\n\t\t\t\t<\/div>\n\t\t\t\t<div class=\"elementor-element elementor-element-4292988 elementor-widget elementor-widget-text-editor\" data-id=\"4292988\" data-element_type=\"widget\" data-widget_type=\"text-editor.default\">\n\t\t\t\t<div class=\"elementor-widget-container\">\n\t\t\t\t\t\t\t<p class=\"MsoNormal\">Terapia cognitiv-comportamental\u0103 poate fi o op\u021biune de tratament pentru copiii cu autism care au alte si afec\u021biuni de s\u0103n\u0103tate mintal\u0103, cum ar fi anxietatea, depresia sau tulburarea de hiperactivitate cu deficit de aten\u021bie. \u00cei \u00eenva\u021b\u0103 pe copii s\u0103-\u0219i modifice convingerile sau comportamentele pentru a evita emo\u021biile negative.<\/p><p class=\"MsoNormal\">Aceasta are dou\u0103 p\u0103r\u021bi principale. Componenta cognitiv\u0103 \u00eei ajut\u0103 pe copii s\u0103 schimbe modul \u00een care g\u00e2ndesc despre o situa\u021bie, \u00een timp ce componenta comportamental\u0103 \u00eei ajut\u0103 pe copii s\u0103 schimbe modul \u00een care reac\u021bioneaz\u0103 la o situa\u021bie.<\/p><p class=\"MsoNormal\">Terapia cognitiv-comportamental\u0103 este o abordare pe termen scurt, axat\u0103 pe probleme. Scopul este de a \u00eenv\u0103\u021ba copiilor, precum \u0219i p\u0103rin\u021bilor lor, o varietate de abilit\u0103\u021bi \u00a0care s\u0103-l ajute pe copil s\u0103 gestioneze situa\u021biile dificile.<\/p>\t\t\t\t\t\t<\/div>\n\t\t\t\t<\/div>\n\t\t        <\/div>\n        <\/div>\n        \t\t        <\/div>\n        <\/section>\n\t\t        <section class=\"elementor-section elementor-top-section elementor-element elementor-element-dfe58f8 elementor-section-boxed elementor-section-height-default elementor-section-height-default\" data-id=\"dfe58f8\" data-element_type=\"section\">\n\t\t\n\t\t        <div class=\"elementor-container elementor-column-gap-default \" >\n\t\t        <div class=\"elementor-column elementor-col-33 elementor-top-column elementor-element elementor-element-6811a99\" data-id=\"6811a99\" data-element_type=\"column\">\n        <div class=\"elementor-widget-wrap elementor-element-populated\">\n                        \t\t<div class=\"elementor-element elementor-element-768ffd8 elementor-widget elementor-widget-text-editor\" data-id=\"768ffd8\" data-element_type=\"widget\" data-widget_type=\"text-editor.default\">\n\t\t\t\t<div class=\"elementor-widget-container\">\n\t\t\t\t\t\t\t<p style=\"text-align: center;\"><span style=\"font-size: 14pt; color: #ffffff;\">Kinetoterapie<\/span><\/p>\t\t\t\t\t\t<\/div>\n\t\t\t\t<\/div>\n\t\t\t\t<div class=\"elementor-element elementor-element-ce93d68 elementor-widget elementor-widget-text-editor\" data-id=\"ce93d68\" data-element_type=\"widget\" data-widget_type=\"text-editor.default\">\n\t\t\t\t<div class=\"elementor-widget-container\">\n\t\t\t\t\t\t\t<p class=\"MsoNormal\" style=\"line-height: normal; background-image: initial; background-position: initial; background-size: initial; background-repeat: initial; background-attachment: initial; background-origin: initial; background-clip: initial; vertical-align: baseline;\"><span style=\"mso-fareast-font-family: 'Times New Roman'; mso-bidi-font-family: Calibri; mso-bidi-theme-font: minor-latin; color: #2e333c;\">Kinetoterapie este definit\u0103 ca aplicarea principiilor de exerci\u021bii, adaptate pentru a spori puterea, rezisten\u021ba \u0219i mobilitatea persoanelor cu limit\u0103ri func\u021bionale.<\/span><\/p><p class=\"MsoNormal\" style=\"line-height: normal; background-image: initial; background-position: initial; background-size: initial; background-repeat: initial; background-attachment: initial; background-origin: initial; background-clip: initial; vertical-align: baseline;\"><span style=\"mso-fareast-font-family: 'Times New Roman'; mso-bidi-font-family: Calibri; mso-bidi-theme-font: minor-latin; color: #2e333c;\">Principalele obiective ale kinetoterapiei constau in:<\/span><\/p><ul style=\"margin-top: 0in;\" type=\"disc\"><li class=\"MsoNormal\" style=\"color: #2e333c; margin-bottom: 12pt; line-height: normal; background-image: initial; background-position: initial; background-size: initial; background-repeat: initial; background-attachment: initial; background-origin: initial; background-clip: initial; vertical-align: baseline;\">corectarea, respectiv mentinerea posturii si aliniamentului corporal;<\/li><li class=\"MsoNormal\" style=\"color: #2e333c; margin-bottom: 12pt; line-height: normal; background-image: initial; background-position: initial; background-size: initial; background-repeat: initial; background-attachment: initial; background-origin: initial; background-clip: initial; vertical-align: baseline;\">cresterea fortei si a rezistentei musculare;<\/li><li class=\"MsoNormal\" style=\"color: #2e333c; margin-bottom: 12pt; line-height: normal; background-image: initial; background-position: initial; background-size: initial; background-repeat: initial; background-attachment: initial; background-origin: initial; background-clip: initial; vertical-align: baseline;\">cresterea masei musculare;<\/li><li class=\"MsoNormal\" style=\"color: #2e333c; margin-bottom: 12pt; line-height: normal; background-image: initial; background-position: initial; background-size: initial; background-repeat: initial; background-attachment: initial; background-origin: initial; background-clip: initial; vertical-align: baseline;\">imbunatatirea mobilitatii articulare;<\/li><li class=\"MsoNormal\" style=\"color: #2e333c; margin-bottom: 12pt; line-height: normal; background-image: initial; background-position: initial; background-size: initial; background-repeat: initial; background-attachment: initial; background-origin: initial; background-clip: initial; vertical-align: baseline;\">cresterea coordonarii si a echilibrului;<\/li><li class=\"MsoNormal\" style=\"color: #2e333c; margin-bottom: 12pt; line-height: normal; background-image: initial; background-position: initial; background-size: initial; background-repeat: initial; background-attachment: initial; background-origin: initial; background-clip: initial; vertical-align: baseline;\">imbunatatirea capacitatii de efort;<\/li><li class=\"MsoNormal\" style=\"color: #2e333c; margin-bottom: 12pt; line-height: normal; background-image: initial; background-position: initial; background-size: initial; background-repeat: initial; background-attachment: initial; background-origin: initial; background-clip: initial; vertical-align: baseline;\">recuperarea cardio-respiratorie;<\/li><li class=\"MsoNormal\" style=\"color: #2e333c; margin-bottom: 12pt; line-height: normal; background-image: initial; background-position: initial; background-size: initial; background-repeat: initial; background-attachment: initial; background-origin: initial; background-clip: initial; vertical-align: baseline;\">cresterea confortului fizic si psihic;<\/li><li class=\"MsoNormal\" style=\"color: #2e333c; margin-bottom: 12pt; line-height: normal; background-image: initial; background-position: initial; background-size: initial; background-repeat: initial; background-attachment: initial; background-origin: initial; background-clip: initial; vertical-align: baseline;\">relaxarea;<\/li><\/ul>\t\t\t\t\t\t<\/div>\n\t\t\t\t<\/div>\n\t\t        <\/div>\n        <\/div>\n                <div class=\"elementor-column elementor-col-33 elementor-top-column elementor-element elementor-element-af7b556\" data-id=\"af7b556\" data-element_type=\"column\">\n        <div class=\"elementor-widget-wrap elementor-element-populated\">\n                        \t\t<div class=\"elementor-element elementor-element-ae8e2ce elementor-widget elementor-widget-text-editor\" data-id=\"ae8e2ce\" data-element_type=\"widget\" data-widget_type=\"text-editor.default\">\n\t\t\t\t<div class=\"elementor-widget-container\">\n\t\t\t\t\t\t\t<p style=\"text-align: center;\"><span style=\"font-size: 14pt; color: #ffffff;\">Psihopedagogie speciala<\/span><\/p>\t\t\t\t\t\t<\/div>\n\t\t\t\t<\/div>\n\t\t\t\t<div class=\"elementor-element elementor-element-b60f8fc elementor-widget elementor-widget-text-editor\" data-id=\"b60f8fc\" data-element_type=\"widget\" data-widget_type=\"text-editor.default\">\n\t\t\t\t<div class=\"elementor-widget-container\">\n\t\t\t\t\t\t\t<p>Educa\u021bia special\u0103 este definit\u0103 ca o educa\u021bie conceput\u0103 pentru a facilita \u00eenv\u0103\u021barea copiilor care, dintr-o mare varietate de motive, necesit\u0103 sprijin suplimentar \u0219i metode pedagogice adaptative pentru a participa \u0219i a \u00eendeplini obiectivele de \u00eenv\u0103\u021bare \u00eentr-un program educa\u021bional.<\/p><p>Motivele pot include diferite capacit\u0103\u021bi fizice, comportamentale, intelectuale, emo\u021bionale \u0219i sociale. Programele educa\u021bionale din \u00eenv\u0103\u021b\u0103m\u00e2ntul cu nevoi speciale pot urma un curriculum similar cu cel oferit \u00een sistemul de \u00eenv\u0103\u021b\u0103m\u00e2nt obi\u0219nuit paralel, cu toate acestea, ele iau \u00een considerare nevoile particulare ale indivizilor, oferind resurse specifice (de exemplu, personal special instruit, echipament sau spa\u021biu) \u0219i, dac\u0103 este cazul , con\u021binut educa\u021bional modificat sau obiective de \u00eenv\u0103\u021bare.<\/p>\t\t\t\t\t\t<\/div>\n\t\t\t\t<\/div>\n\t\t        <\/div>\n        <\/div>\n                <div class=\"elementor-column elementor-col-33 elementor-top-column elementor-element elementor-element-98478d3\" data-id=\"98478d3\" data-element_type=\"column\">\n        <div class=\"elementor-widget-wrap elementor-element-populated\">\n                        \t\t<div class=\"elementor-element elementor-element-195bb05 elementor-widget elementor-widget-text-editor\" data-id=\"195bb05\" data-element_type=\"widget\" data-widget_type=\"text-editor.default\">\n\t\t\t\t<div class=\"elementor-widget-container\">\n\t\t\t\t\t\t\t<p style=\"text-align: center;\"><span style=\"font-size: 14pt; color: #ffffff;\">Servicii conexe terapiilor<\/span><\/p>\t\t\t\t\t\t<\/div>\n\t\t\t\t<\/div>\n\t\t\t\t<div class=\"elementor-element elementor-element-a34b250 elementor-widget elementor-widget-text-editor\" data-id=\"a34b250\" data-element_type=\"widget\" data-widget_type=\"text-editor.default\">\n\t\t\t\t<div class=\"elementor-widget-container\">\n\t\t\t\t\t\t\t<ol><li>Consiliere psihologica pentru parintii copiilor cu nevoi speciale<\/li><li>Evaluare logopedica, senzoriala si cognitiva<\/li><li>Coordonare pentru implementarea programelor acasa<\/li><li>Asistenta educationala si Shadow<\/li><li>Asistenta in depunerea dosarelor pentru eliberarea certificatelor de handicap<\/li><li>Sprijin in obtinerea de fonduri pentru plata terapiilor<\/li><\/ol>\t\t\t\t\t\t<\/div>\n\t\t\t\t<\/div>\n\t\t        <\/div>\n        <\/div>\n        \t\t        <\/div>\n        <\/section>\n\t\t\t\t\t\t\t<\/div>\n\t\t","protected":false},"excerpt":{"rendered":"<p>Terapii Terapia tulburarilor de limbajLogopedie Terapia tulburarilor de vorbire \u0219i limbaj abordeaz\u0103 provoc\u0103rile legate de limbaj \u0219i comunicare. Poate ajuta copiii cu autism s\u0103-\u0219i \u00eembun\u0103t\u0103\u021beasc\u0103 comunicarea verbal\u0103, nonverbal\u0103 \u0219i social\u0103. Scopul general este de a ajuta persoana s\u0103 comunice \u00een moduri mai utile \u0219i mai func\u021bionale. Provoc\u0103rile legate de comunicare \u0219i vorbire variaz\u0103 de la [&hellip;]<\/p>\n","protected":false},"author":1,"featured_media":0,"parent":0,"menu_order":0,"comment_status":"closed","ping_status":"closed","template":"","meta":[],"yoast_head":"<!-- This site is optimized with the Yoast SEO plugin v19.14 - https:\/\/yoast.com\/wordpress\/plugins\/seo\/ -->\n<title>Terapii - Asociatia Educare<\/title>\n<meta name=\"robots\" content=\"index, follow, max-snippet:-1, max-image-preview:large, max-video-preview:-1\" \/>\n<link rel=\"canonical\" href=\"https:\/\/asociatiaeducare.ro\/ro\/terapii\/\" \/>\n<meta property=\"og:locale\" content=\"ro_RO\" \/>\n<meta property=\"og:type\" content=\"article\" \/>\n<meta property=\"og:title\" content=\"Terapii - Asociatia Educare\" \/>\n<meta property=\"og:description\" content=\"Terapii Terapia tulburarilor de limbajLogopedie Terapia tulburarilor de vorbire \u0219i limbaj abordeaz\u0103 provoc\u0103rile legate de limbaj \u0219i comunicare. Poate ajuta copiii cu autism s\u0103-\u0219i \u00eembun\u0103t\u0103\u021beasc\u0103 comunicarea verbal\u0103, nonverbal\u0103 \u0219i social\u0103. Scopul general este de a ajuta persoana s\u0103 comunice \u00een moduri mai utile \u0219i mai func\u021bionale. Provoc\u0103rile legate de comunicare \u0219i vorbire variaz\u0103 de la [&hellip;]\" \/>\n<meta property=\"og:url\" content=\"https:\/\/asociatiaeducare.ro\/ro\/terapii\/\" \/>\n<meta property=\"og:site_name\" content=\"Asociatia Educare\" \/>\n<meta property=\"article:modified_time\" content=\"2023-07-14T05:47:12+00:00\" \/>\n<meta name=\"twitter:card\" content=\"summary_large_image\" \/>\n<meta name=\"twitter:label1\" content=\"Est. reading time\" \/>\n\t<meta name=\"twitter:data1\" content=\"4 minute\" \/>\n<script type=\"application\/ld+json\" class=\"yoast-schema-graph\">{\"@context\":\"https:\/\/schema.org\",\"@graph\":[{\"@type\":\"WebPage\",\"@id\":\"https:\/\/asociatiaeducare.ro\/ro\/terapii\/\",\"url\":\"https:\/\/asociatiaeducare.ro\/ro\/terapii\/\",\"name\":\"Terapii - Asociatia Educare\",\"isPartOf\":{\"@id\":\"https:\/\/asociatiaeducare.ro\/ro\/#website\"},\"datePublished\":\"2020-07-22T09:50:15+00:00\",\"dateModified\":\"2023-07-14T05:47:12+00:00\",\"breadcrumb\":{\"@id\":\"https:\/\/asociatiaeducare.ro\/ro\/terapii\/#breadcrumb\"},\"inLanguage\":\"ro-RO\",\"potentialAction\":[{\"@type\":\"ReadAction\",\"target\":[\"https:\/\/asociatiaeducare.ro\/ro\/terapii\/\"]}]},{\"@type\":\"BreadcrumbList\",\"@id\":\"https:\/\/asociatiaeducare.ro\/ro\/terapii\/#breadcrumb\",\"itemListElement\":[{\"@type\":\"ListItem\",\"position\":1,\"name\":\"Home\",\"item\":\"https:\/\/asociatiaeducare.ro\/ro\/\"},{\"@type\":\"ListItem\",\"position\":2,\"name\":\"Terapii\"}]},{\"@type\":\"WebSite\",\"@id\":\"https:\/\/asociatiaeducare.ro\/ro\/#website\",\"url\":\"https:\/\/asociatiaeducare.ro\/ro\/\",\"name\":\"Asociatia Educare\",\"description\":\"Diferit nu inseamna izolat\",\"potentialAction\":[{\"@type\":\"SearchAction\",\"target\":{\"@type\":\"EntryPoint\",\"urlTemplate\":\"https:\/\/asociatiaeducare.ro\/ro\/?s={search_term_string}\"},\"query-input\":\"required name=search_term_string\"}],\"inLanguage\":\"ro-RO\"}]}<\/script>\n<!-- \/ Yoast SEO plugin. -->","yoast_head_json":{"title":"Terapii - Asociatia Educare","robots":{"index":"index","follow":"follow","max-snippet":"max-snippet:-1","max-image-preview":"max-image-preview:large","max-video-preview":"max-video-preview:-1"},"canonical":"https:\/\/asociatiaeducare.ro\/ro\/terapii\/","og_locale":"ro_RO","og_type":"article","og_title":"Terapii - Asociatia Educare","og_description":"Terapii Terapia tulburarilor de limbajLogopedie Terapia tulburarilor de vorbire \u0219i limbaj abordeaz\u0103 provoc\u0103rile legate de limbaj \u0219i comunicare. Poate ajuta copiii cu autism s\u0103-\u0219i \u00eembun\u0103t\u0103\u021beasc\u0103 comunicarea verbal\u0103, nonverbal\u0103 \u0219i social\u0103. Scopul general este de a ajuta persoana s\u0103 comunice \u00een moduri mai utile \u0219i mai func\u021bionale. Provoc\u0103rile legate de comunicare \u0219i vorbire variaz\u0103 de la [&hellip;]","og_url":"https:\/\/asociatiaeducare.ro\/ro\/terapii\/","og_site_name":"Asociatia Educare","article_modified_time":"2023-07-14T05:47:12+00:00","twitter_card":"summary_large_image","twitter_misc":{"Est. reading time":"4 minute"},"schema":{"@context":"https:\/\/schema.org","@graph":[{"@type":"WebPage","@id":"https:\/\/asociatiaeducare.ro\/ro\/terapii\/","url":"https:\/\/asociatiaeducare.ro\/ro\/terapii\/","name":"Terapii - Asociatia Educare","isPartOf":{"@id":"https:\/\/asociatiaeducare.ro\/ro\/#website"},"datePublished":"2020-07-22T09:50:15+00:00","dateModified":"2023-07-14T05:47:12+00:00","breadcrumb":{"@id":"https:\/\/asociatiaeducare.ro\/ro\/terapii\/#breadcrumb"},"inLanguage":"ro-RO","potentialAction":[{"@type":"ReadAction","target":["https:\/\/asociatiaeducare.ro\/ro\/terapii\/"]}]},{"@type":"BreadcrumbList","@id":"https:\/\/asociatiaeducare.ro\/ro\/terapii\/#breadcrumb","itemListElement":[{"@type":"ListItem","position":1,"name":"Home","item":"https:\/\/asociatiaeducare.ro\/ro\/"},{"@type":"ListItem","position":2,"name":"Terapii"}]},{"@type":"WebSite","@id":"https:\/\/asociatiaeducare.ro\/ro\/#website","url":"https:\/\/asociatiaeducare.ro\/ro\/","name":"Asociatia Educare","description":"Diferit nu inseamna izolat","potentialAction":[{"@type":"SearchAction","target":{"@type":"EntryPoint","urlTemplate":"https:\/\/asociatiaeducare.ro\/ro\/?s={search_term_string}"},"query-input":"required name=search_term_string"}],"inLanguage":"ro-RO"}]}},"_links":{"self":[{"href":"https:\/\/asociatiaeducare.ro\/ro\/wp-json\/wp\/v2\/pages\/16"}],"collection":[{"href":"https:\/\/asociatiaeducare.ro\/ro\/wp-json\/wp\/v2\/pages"}],"about":[{"href":"https:\/\/asociatiaeducare.ro\/ro\/wp-json\/wp\/v2\/types\/page"}],"author":[{"embeddable":true,"href":"https:\/\/asociatiaeducare.ro\/ro\/wp-json\/wp\/v2\/users\/1"}],"replies":[{"embeddable":true,"href":"https:\/\/asociatiaeducare.ro\/ro\/wp-json\/wp\/v2\/comments?post=16"}],"version-history":[{"count":200,"href":"https:\/\/asociatiaeducare.ro\/ro\/wp-json\/wp\/v2\/pages\/16\/revisions"}],"predecessor-version":[{"id":6196,"href":"https:\/\/asociatiaeducare.ro\/ro\/wp-json\/wp\/v2\/pages\/16\/revisions\/6196"}],"wp:attachment":[{"href":"https:\/\/asociatiaeducare.ro\/ro\/wp-json\/wp\/v2\/media?parent=16"}],"curies":[{"name":"wp","href":"https:\/\/api.w.org\/{rel}","templated":true}]}}