{"id":5018,"date":"2023-01-30T08:59:41","date_gmt":"2023-01-30T06:59:41","guid":{"rendered":"https:\/\/asociatiaeducare.ro\/ro\/?page_id=5018"},"modified":"2023-06-06T15:12:46","modified_gmt":"2023-06-06T13:12:46","slug":"parteneri","status":"publish","type":"page","link":"https:\/\/asociatiaeducare.ro\/ro\/parteneri\/","title":{"rendered":"Parteneri"},"content":{"rendered":"\t\t<div data-elementor-type=\"wp-page\" data-elementor-id=\"5018\" class=\"elementor elementor-5018\">\n\t\t\t\t\t\t\t        <section class=\"elementor-section elementor-top-section elementor-element elementor-element-6abc5ad elementor-section-boxed elementor-section-height-default elementor-section-height-default\" data-id=\"6abc5ad\" data-element_type=\"section\">\n\t\t\n\t\t        <div class=\"elementor-container elementor-column-gap-default \" >\n\t\t        <div class=\"elementor-column elementor-col-100 elementor-top-column elementor-element elementor-element-a7a27a6\" data-id=\"a7a27a6\" data-element_type=\"column\">\n        <div class=\"elementor-widget-wrap elementor-element-populated\">\n                        \t\t<div class=\"elementor-element elementor-element-809468b elementor-widget elementor-widget-cms_heading\" data-id=\"809468b\" data-element_type=\"widget\" data-widget_type=\"cms_heading.default\">\n\t\t\t\t<div class=\"elementor-widget-container\">\n\t\t\t<div class=\"cms-heading-wrapper cms-heading-layout1 \">\r\n            <div class=\"custom-subheading\">Despre Noi<\/div>\r\n    \r\n            <h3 class=\"custom-heading\">\r\n            <span                 >\r\n                Parteneri<\/span>\r\n        <\/h3>\r\n        \r\n    <\/div>\t\t<\/div>\n\t\t\t\t<\/div>\n\t\t        <\/div>\n        <\/div>\n        \t\t        <\/div>\n        <\/section>\n\t\t        <section class=\"elementor-section elementor-top-section elementor-element elementor-element-e2bcae3 animated-slow elementor-section-boxed elementor-section-height-default elementor-section-height-default elementor-invisible\" data-id=\"e2bcae3\" data-element_type=\"section\" data-settings=\"{&quot;animation&quot;:&quot;slideInLeft&quot;}\">\n\t\t\n\t\t        <div class=\"elementor-container elementor-column-gap-default \" >\n\t\t        <div class=\"elementor-column elementor-col-33 elementor-top-column elementor-element elementor-element-53daf8e\" data-id=\"53daf8e\" data-element_type=\"column\">\n        <div class=\"elementor-widget-wrap elementor-element-populated\">\n                        \t\t<div class=\"elementor-element elementor-element-d3dcf67 elementor-widget elementor-widget-image\" data-id=\"d3dcf67\" data-element_type=\"widget\" data-widget_type=\"image.default\">\n\t\t\t\t<div class=\"elementor-widget-container\">\n\t\t\t<style>\/*! elementor - v3.10.0 - 09-01-2023 *\/\n.elementor-widget-image{text-align:center}.elementor-widget-image a{display:inline-block}.elementor-widget-image a img[src$=\".svg\"]{width:48px}.elementor-widget-image img{vertical-align:middle;display:inline-block}<\/style>\t\t\t\t\t\t\t\t\t\t\t\t<img decoding=\"async\" width=\"350\" height=\"120\" src=\"https:\/\/asociatiaeducare.ro\/ro\/wp-content\/uploads\/2023\/01\/locala.png\" class=\"attachment-large size-large wp-image-5020\" alt=\"\" srcset=\"https:\/\/asociatiaeducare.ro\/ro\/wp-content\/uploads\/2023\/01\/locala.png 350w, https:\/\/asociatiaeducare.ro\/ro\/wp-content\/uploads\/2023\/01\/locala-300x103.png 300w\" sizes=\"(max-width: 350px) 100vw, 350px\" \/>\t\t\t\t\t\t\t\t\t\t\t\t\t\t\t<\/div>\n\t\t\t\t<\/div>\n\t\t        <\/div>\n        <\/div>\n                <div class=\"elementor-column elementor-col-66 elementor-top-column elementor-element elementor-element-b7a0d79\" data-id=\"b7a0d79\" data-element_type=\"column\">\n        <div class=\"elementor-widget-wrap elementor-element-populated\">\n                        \t\t<div class=\"elementor-element elementor-element-2125e42 elementor-widget elementor-widget-text-editor\" data-id=\"2125e42\" data-element_type=\"widget\" data-widget_type=\"text-editor.default\">\n\t\t\t\t<div class=\"elementor-widget-container\">\n\t\t\t<style>\/*! elementor - v3.10.0 - 09-01-2023 *\/\n.elementor-widget-text-editor.elementor-drop-cap-view-stacked .elementor-drop-cap{background-color:#818a91;color:#fff}.elementor-widget-text-editor.elementor-drop-cap-view-framed .elementor-drop-cap{color:#818a91;border:3px solid;background-color:transparent}.elementor-widget-text-editor:not(.elementor-drop-cap-view-default) .elementor-drop-cap{margin-top:8px}.elementor-widget-text-editor:not(.elementor-drop-cap-view-default) .elementor-drop-cap-letter{width:1em;height:1em}.elementor-widget-text-editor .elementor-drop-cap{float:left;text-align:center;line-height:1;font-size:50px}.elementor-widget-text-editor .elementor-drop-cap-letter{display:inline-block}<\/style>\t\t\t\t<p><strong>Direc\u021bia General\u0103 de Asisten\u021b\u0103 Social\u0103 \u015fi Protec\u021bia Copilului Sector 6<\/strong>\u00a0este institu\u021bia public\u0103, aflat\u0103 \u00een subordinea Consiliului Local Sector 6, \u00eenfiin\u021bat\u0103 la data de 01.03.2005 prin comasarea serviciului public pentru protec\u021bia copilului \u015fi a serviciului public de asisten\u021b\u0103 social\u0103 ce func\u021bionau la nivelul sectorului 6 al municipiului Bucure\u015fti, conform prevederilor Hot\u0103r\u00e2rii de Guvern nr. 1434\/2004.<\/p>\t\t\t\t\t\t<\/div>\n\t\t\t\t<\/div>\n\t\t        <\/div>\n        <\/div>\n        \t\t        <\/div>\n        <\/section>\n\t\t        <section class=\"elementor-section elementor-top-section elementor-element elementor-element-405f42e animated-slow elementor-section-boxed elementor-section-height-default elementor-section-height-default elementor-invisible\" data-id=\"405f42e\" data-element_type=\"section\" data-settings=\"{&quot;animation&quot;:&quot;slideInRight&quot;}\">\n\t\t\n\t\t        <div class=\"elementor-container elementor-column-gap-default \" >\n\t\t        <div class=\"elementor-column elementor-col-66 elementor-top-column elementor-element elementor-element-41ab953\" data-id=\"41ab953\" data-element_type=\"column\">\n        <div class=\"elementor-widget-wrap elementor-element-populated\">\n                        \t\t<div class=\"elementor-element elementor-element-010b4d8 elementor-widget elementor-widget-text-editor\" data-id=\"010b4d8\" data-element_type=\"widget\" data-widget_type=\"text-editor.default\">\n\t\t\t\t<div class=\"elementor-widget-container\">\n\t\t\t\t\t\t\t<p><strong><span id=\"typed-12959017855d120ec179103\" class=\"ultimate-typed-main \">Simona Stanescu<\/span><\/strong><\/p><p>Simona crede ca acolo unde exista perseverenta, pasiune si autenticitate totul este posibil. Ea se ghideaza dupa spusele lui Havel: \u201eEzitand, nu poti castiga nicio batalie.\u201d<\/p><div class=\"wpb_column vc_column_container vc_col-sm-6\"><div class=\"vc_column-inner \"><div class=\"wpb_wrapper\"><div id=\"ultimate-heading-52375d120ec17bc01\" class=\"uvc-heading ult-adjust-bottom-margin ultimate-heading-52375d120ec17bc01 uvc-8510 \" data-hspacer=\"no_spacer\" data-halign=\"left\"><div class=\"uvc-sub-heading ult-responsive\" data-ultimate-target=\".uvc-heading.ultimate-heading-52375d120ec17bc01 .uvc-sub-heading \" data-responsive-json-new=\"{&quot;font-size&quot;:&quot;desktop:14px;&quot;,&quot;line-height&quot;:&quot;&quot;}\">A coordonat si planificat proiecte de licitatie in achizitii in domeniul privat \u00a0pentru toate tipurile de produse si servicii necesare desfasurarii activitatii in ariile\u00a0mentionate mai jos, gestionand in cadrul departamentului de achizitii procese de selectie a furnizorilor la nivel national si international, la nivel de purchasing, global sourcing, procurement.<\/div><\/div><\/div><\/div><\/div>\t\t\t\t\t\t<\/div>\n\t\t\t\t<\/div>\n\t\t        <\/div>\n        <\/div>\n                <div class=\"elementor-column elementor-col-33 elementor-top-column elementor-element elementor-element-5d50602\" data-id=\"5d50602\" data-element_type=\"column\">\n        <div class=\"elementor-widget-wrap elementor-element-populated\">\n                        \t\t<div class=\"elementor-element elementor-element-c0023d9 elementor-widget elementor-widget-image\" data-id=\"c0023d9\" data-element_type=\"widget\" data-widget_type=\"image.default\">\n\t\t\t\t<div class=\"elementor-widget-container\">\n\t\t\t\t\t\t\t\t\t\t\t\t\t\t\t<img decoding=\"async\" width=\"300\" height=\"202\" src=\"https:\/\/asociatiaeducare.ro\/ro\/wp-content\/uploads\/2023\/01\/procurement-data-logo-570x384-1-300x202.jpeg\" class=\"attachment-medium size-medium wp-image-5026\" alt=\"\" srcset=\"https:\/\/asociatiaeducare.ro\/ro\/wp-content\/uploads\/2023\/01\/procurement-data-logo-570x384-1-300x202.jpeg 300w, https:\/\/asociatiaeducare.ro\/ro\/wp-content\/uploads\/2023\/01\/procurement-data-logo-570x384-1.jpeg 570w\" sizes=\"(max-width: 300px) 100vw, 300px\" \/>\t\t\t\t\t\t\t\t\t\t\t\t\t\t\t<\/div>\n\t\t\t\t<\/div>\n\t\t        <\/div>\n        <\/div>\n        \t\t        <\/div>\n        <\/section>\n\t\t        <section class=\"elementor-section elementor-top-section elementor-element elementor-element-a9d1686 animated-slow elementor-section-boxed elementor-section-height-default elementor-section-height-default elementor-invisible\" data-id=\"a9d1686\" data-element_type=\"section\" data-settings=\"{&quot;animation&quot;:&quot;slideInLeft&quot;}\">\n\t\t\n\t\t        <div class=\"elementor-container elementor-column-gap-default \" >\n\t\t        <div class=\"elementor-column elementor-col-33 elementor-top-column elementor-element elementor-element-b66fe95\" data-id=\"b66fe95\" data-element_type=\"column\">\n        <div class=\"elementor-widget-wrap elementor-element-populated\">\n                        \t\t<div class=\"elementor-element elementor-element-d3a10a3 elementor-widget elementor-widget-image\" data-id=\"d3a10a3\" data-element_type=\"widget\" data-widget_type=\"image.default\">\n\t\t\t\t<div class=\"elementor-widget-container\">\n\t\t\t\t\t\t\t\t\t\t\t\t\t\t\t<img decoding=\"async\" width=\"300\" height=\"114\" src=\"https:\/\/asociatiaeducare.ro\/ro\/wp-content\/uploads\/2023\/01\/versatil-logo-570x216-1-300x114.jpeg\" class=\"attachment-medium size-medium wp-image-5030\" alt=\"\" srcset=\"https:\/\/asociatiaeducare.ro\/ro\/wp-content\/uploads\/2023\/01\/versatil-logo-570x216-1-300x114.jpeg 300w, https:\/\/asociatiaeducare.ro\/ro\/wp-content\/uploads\/2023\/01\/versatil-logo-570x216-1.jpeg 570w\" sizes=\"(max-width: 300px) 100vw, 300px\" \/>\t\t\t\t\t\t\t\t\t\t\t\t\t\t\t<\/div>\n\t\t\t\t<\/div>\n\t\t        <\/div>\n        <\/div>\n                <div class=\"elementor-column elementor-col-66 elementor-top-column elementor-element elementor-element-f570e43\" data-id=\"f570e43\" data-element_type=\"column\">\n        <div class=\"elementor-widget-wrap elementor-element-populated\">\n                        \t\t<div class=\"elementor-element elementor-element-fd8030c elementor-widget elementor-widget-text-editor\" data-id=\"fd8030c\" data-element_type=\"widget\" data-widget_type=\"text-editor.default\">\n\t\t\t\t<div class=\"elementor-widget-container\">\n\t\t\t\t\t\t\t<div class=\"page_content_wrap scheme_default\"><div class=\"content_wrap\"><div class=\"content\"><article id=\"post-911\" class=\"post_item_single post_type_page post-911 page type-page status-publish hentry\"><div class=\"post_content entry-content\"><div class=\"vc_row wpb_row vc_row-fluid\"><div class=\"wpb_column vc_column_container vc_col-sm-12 sc_layouts_column_icons_position_left\"><div class=\"vc_column-inner \"><div class=\"wpb_wrapper\"><div class=\"wpb_text_column wpb_content_element  aliniat\"><div class=\"wpb_wrapper\"><p><strong>Bogdan Uritescu<\/strong><\/p><div id=\"td_uid_19_5d120f2add63d\" class=\"tdc-row\"><div class=\"vc_row td_uid_29_5d120f2add673_rand wpb_row td-pb-row\"><div class=\"vc_column td_uid_32_5d120f2ade7fd_rand wpb_column vc_column_container tdc-column td-pb-span4\"><div class=\"wpb_wrapper\"><div class=\"td_block_wrap td_block_text_with_title td_uid_33_5d120f2ade95c_rand td-pb-border-top td_block_template_1\" data-td-block-uid=\"td_uid_33_5d120f2ade95c\"><div class=\"td_mod_wrap td-fix-index\"><p>Am cincizeci si unu de ani. Vremurile s-au schimbat. Valorile s-au schimbat. Am avut o \u201crevelatie\u201d\u2026Trebuie sa fac altceva de aici inainte. Trebuie sa ma reinventez.<\/p><p>Simt ca pot sa ajut oamenii pt ca oricum\u00a0 am facut-o intuitiv de atatea ori si atunci m-am simtit implinit.. Experienta mea\u00a0 profesionala de peste treizeci \u00a0de ani\u00a0 in Cinema, Teatru, Evenimente, Seriale , Emisiuni si Show-uri Tv o voi folosi\u00a0 acum ca Trainer \u2013 simplu, direct si eficient\u00a0 intr-un stil\u00a0 inedit si spectaculos aplicat cu mult umor\u00a0 Dezvoltarii Personale in traininguri, cursuri, workshop-uri\u00a0 si teambuilding, \u00a0unde cursantii experimenteaza realitatea\u00a0 prin situatii, stari, emotii, trairi, si actiune descoperind parti ascunse\u00a0 din universului fabulous al SINELUI.<\/p><\/div><\/div><\/div><\/div><\/div><\/div><div id=\"td_uid_22_5d120f2adf45f\" class=\"tdc-row\"><div class=\"vc_row td_uid_34_5d120f2adf4a4_rand wpb_row td-pb-row\"><div class=\"vc_column td_uid_35_5d120f2adf6e6_rand wpb_column vc_column_container tdc-column td-pb-span12\"><div class=\"wpb_wrapper\"><div class=\"td_block_wrap td_block_text_with_title td_uid_36_5d120f2adf805_rand td-pb-border-top td_block_template_1\" data-td-block-uid=\"td_uid_36_5d120f2adf805\"><div class=\"td_mod_wrap td-fix-index\"><p>O voce interioara ma va calauzi mereu: Desprinde-te de \u201dConventional\u201d. Schimba regulile \u201cJocului\u201d. Sparge \u201cTiparele\u201d. Scrie-ti \u201cRolul vietii\u201d.\u00a0 Regizeaza-ti \u201cSuccesul\u201d. Puterea e la Tine.<\/p><\/div><\/div><\/div><\/div><\/div><\/div><\/div><\/div><\/div><\/div><\/div><\/div><\/div><\/article><\/div><\/div><\/div><footer class=\"footer_wrap footer_custom footer_custom_376 footer_custom_lighthouse-footer scheme_default\"><div class=\"vc_row wpb_row vc_row-fluid vc_row-no-padding sc_layouts_row sc_layouts_row_type_normal\" data-vc-full-width=\"true\" data-vc-full-width-init=\"true\" data-vc-stretch-content=\"true\"><div class=\"wpb_column vc_column_container vc_col-sm-12 sc_layouts_column sc_layouts_column_align_center sc_layouts_column_icons_position_left\"><div class=\"vc_column-inner \"><div class=\"wpb_wrapper\"><div id=\"sc_content_1115150322\" class=\"sc_content color_style_default sc_content_default sc_content_width_1_1 sc_float_center\"><div class=\"sc_content_container\">\u00a0<\/div><\/div><\/div><\/div><\/div><\/div><\/footer>\t\t\t\t\t\t<\/div>\n\t\t\t\t<\/div>\n\t\t        <\/div>\n        <\/div>\n        \t\t        <\/div>\n        <\/section>\n\t\t\t\t\t\t\t<\/div>\n\t\t","protected":false},"excerpt":{"rendered":"<p>Despre Noi Parteneri Direc\u021bia General\u0103 de Asisten\u021b\u0103 Social\u0103 \u015fi Protec\u021bia Copilului Sector 6\u00a0este institu\u021bia public\u0103, aflat\u0103 \u00een subordinea Consiliului Local Sector 6, \u00eenfiin\u021bat\u0103 la data de 01.03.2005 prin comasarea serviciului public pentru protec\u021bia copilului \u015fi a serviciului public de asisten\u021b\u0103 social\u0103 ce func\u021bionau la nivelul sectorului 6 al municipiului Bucure\u015fti, conform prevederilor Hot\u0103r\u00e2rii de Guvern [&hellip;]<\/p>\n","protected":false},"author":1,"featured_media":0,"parent":0,"menu_order":0,"comment_status":"closed","ping_status":"closed","template":"","meta":[],"yoast_head":"<!-- This site is optimized with the Yoast SEO plugin v19.14 - https:\/\/yoast.com\/wordpress\/plugins\/seo\/ -->\n<title>Parteneri - Asociatia Educare<\/title>\n<meta name=\"robots\" content=\"index, follow, max-snippet:-1, max-image-preview:large, max-video-preview:-1\" \/>\n<link rel=\"canonical\" href=\"https:\/\/asociatiaeducare.ro\/ro\/parteneri\/\" \/>\n<meta property=\"og:locale\" content=\"ro_RO\" \/>\n<meta property=\"og:type\" content=\"article\" \/>\n<meta property=\"og:title\" content=\"Parteneri - Asociatia Educare\" \/>\n<meta property=\"og:description\" content=\"Despre Noi Parteneri Direc\u021bia General\u0103 de Asisten\u021b\u0103 Social\u0103 \u015fi Protec\u021bia Copilului Sector 6\u00a0este institu\u021bia public\u0103, aflat\u0103 \u00een subordinea Consiliului Local Sector 6, \u00eenfiin\u021bat\u0103 la data de 01.03.2005 prin comasarea serviciului public pentru protec\u021bia copilului \u015fi a serviciului public de asisten\u021b\u0103 social\u0103 ce func\u021bionau la nivelul sectorului 6 al municipiului Bucure\u015fti, conform prevederilor Hot\u0103r\u00e2rii de Guvern [&hellip;]\" \/>\n<meta property=\"og:url\" content=\"https:\/\/asociatiaeducare.ro\/ro\/parteneri\/\" \/>\n<meta property=\"og:site_name\" content=\"Asociatia Educare\" \/>\n<meta property=\"article:modified_time\" content=\"2023-06-06T13:12:46+00:00\" \/>\n<meta property=\"og:image\" content=\"https:\/\/asociatiaeducare.ro\/ro\/wp-content\/uploads\/2023\/01\/locala.png\" \/>\n<meta name=\"twitter:card\" content=\"summary_large_image\" \/>\n<meta name=\"twitter:label1\" content=\"Est. reading time\" \/>\n\t<meta name=\"twitter:data1\" content=\"3 minute\" \/>\n<script type=\"application\/ld+json\" class=\"yoast-schema-graph\">{\"@context\":\"https:\/\/schema.org\",\"@graph\":[{\"@type\":\"WebPage\",\"@id\":\"https:\/\/asociatiaeducare.ro\/ro\/parteneri\/\",\"url\":\"https:\/\/asociatiaeducare.ro\/ro\/parteneri\/\",\"name\":\"Parteneri - Asociatia Educare\",\"isPartOf\":{\"@id\":\"https:\/\/asociatiaeducare.ro\/ro\/#website\"},\"datePublished\":\"2023-01-30T06:59:41+00:00\",\"dateModified\":\"2023-06-06T13:12:46+00:00\",\"breadcrumb\":{\"@id\":\"https:\/\/asociatiaeducare.ro\/ro\/parteneri\/#breadcrumb\"},\"inLanguage\":\"ro-RO\",\"potentialAction\":[{\"@type\":\"ReadAction\",\"target\":[\"https:\/\/asociatiaeducare.ro\/ro\/parteneri\/\"]}]},{\"@type\":\"BreadcrumbList\",\"@id\":\"https:\/\/asociatiaeducare.ro\/ro\/parteneri\/#breadcrumb\",\"itemListElement\":[{\"@type\":\"ListItem\",\"position\":1,\"name\":\"Home\",\"item\":\"https:\/\/asociatiaeducare.ro\/ro\/\"},{\"@type\":\"ListItem\",\"position\":2,\"name\":\"Parteneri\"}]},{\"@type\":\"WebSite\",\"@id\":\"https:\/\/asociatiaeducare.ro\/ro\/#website\",\"url\":\"https:\/\/asociatiaeducare.ro\/ro\/\",\"name\":\"Asociatia Educare\",\"description\":\"Diferit nu inseamna izolat\",\"potentialAction\":[{\"@type\":\"SearchAction\",\"target\":{\"@type\":\"EntryPoint\",\"urlTemplate\":\"https:\/\/asociatiaeducare.ro\/ro\/?s={search_term_string}\"},\"query-input\":\"required name=search_term_string\"}],\"inLanguage\":\"ro-RO\"}]}<\/script>\n<!-- \/ Yoast SEO plugin. -->","yoast_head_json":{"title":"Parteneri - Asociatia Educare","robots":{"index":"index","follow":"follow","max-snippet":"max-snippet:-1","max-image-preview":"max-image-preview:large","max-video-preview":"max-video-preview:-1"},"canonical":"https:\/\/asociatiaeducare.ro\/ro\/parteneri\/","og_locale":"ro_RO","og_type":"article","og_title":"Parteneri - Asociatia Educare","og_description":"Despre Noi Parteneri Direc\u021bia General\u0103 de Asisten\u021b\u0103 Social\u0103 \u015fi Protec\u021bia Copilului Sector 6\u00a0este institu\u021bia public\u0103, aflat\u0103 \u00een subordinea Consiliului Local Sector 6, \u00eenfiin\u021bat\u0103 la data de 01.03.2005 prin comasarea serviciului public pentru protec\u021bia copilului \u015fi a serviciului public de asisten\u021b\u0103 social\u0103 ce func\u021bionau la nivelul sectorului 6 al municipiului Bucure\u015fti, conform prevederilor Hot\u0103r\u00e2rii de Guvern [&hellip;]","og_url":"https:\/\/asociatiaeducare.ro\/ro\/parteneri\/","og_site_name":"Asociatia Educare","article_modified_time":"2023-06-06T13:12:46+00:00","og_image":[{"url":"https:\/\/asociatiaeducare.ro\/ro\/wp-content\/uploads\/2023\/01\/locala.png"}],"twitter_card":"summary_large_image","twitter_misc":{"Est. reading time":"3 minute"},"schema":{"@context":"https:\/\/schema.org","@graph":[{"@type":"WebPage","@id":"https:\/\/asociatiaeducare.ro\/ro\/parteneri\/","url":"https:\/\/asociatiaeducare.ro\/ro\/parteneri\/","name":"Parteneri - Asociatia Educare","isPartOf":{"@id":"https:\/\/asociatiaeducare.ro\/ro\/#website"},"datePublished":"2023-01-30T06:59:41+00:00","dateModified":"2023-06-06T13:12:46+00:00","breadcrumb":{"@id":"https:\/\/asociatiaeducare.ro\/ro\/parteneri\/#breadcrumb"},"inLanguage":"ro-RO","potentialAction":[{"@type":"ReadAction","target":["https:\/\/asociatiaeducare.ro\/ro\/parteneri\/"]}]},{"@type":"BreadcrumbList","@id":"https:\/\/asociatiaeducare.ro\/ro\/parteneri\/#breadcrumb","itemListElement":[{"@type":"ListItem","position":1,"name":"Home","item":"https:\/\/asociatiaeducare.ro\/ro\/"},{"@type":"ListItem","position":2,"name":"Parteneri"}]},{"@type":"WebSite","@id":"https:\/\/asociatiaeducare.ro\/ro\/#website","url":"https:\/\/asociatiaeducare.ro\/ro\/","name":"Asociatia Educare","description":"Diferit nu inseamna izolat","potentialAction":[{"@type":"SearchAction","target":{"@type":"EntryPoint","urlTemplate":"https:\/\/asociatiaeducare.ro\/ro\/?s={search_term_string}"},"query-input":"required name=search_term_string"}],"inLanguage":"ro-RO"}]}},"_links":{"self":[{"href":"https:\/\/asociatiaeducare.ro\/ro\/wp-json\/wp\/v2\/pages\/5018"}],"collection":[{"href":"https:\/\/asociatiaeducare.ro\/ro\/wp-json\/wp\/v2\/pages"}],"about":[{"href":"https:\/\/asociatiaeducare.ro\/ro\/wp-json\/wp\/v2\/types\/page"}],"author":[{"embeddable":true,"href":"https:\/\/asociatiaeducare.ro\/ro\/wp-json\/wp\/v2\/users\/1"}],"replies":[{"embeddable":true,"href":"https:\/\/asociatiaeducare.ro\/ro\/wp-json\/wp\/v2\/comments?post=5018"}],"version-history":[{"count":59,"href":"https:\/\/asociatiaeducare.ro\/ro\/wp-json\/wp\/v2\/pages\/5018\/revisions"}],"predecessor-version":[{"id":5620,"href":"https:\/\/asociatiaeducare.ro\/ro\/wp-json\/wp\/v2\/pages\/5018\/revisions\/5620"}],"wp:attachment":[{"href":"https:\/\/asociatiaeducare.ro\/ro\/wp-json\/wp\/v2\/media?parent=5018"}],"curies":[{"name":"wp","href":"https:\/\/api.w.org\/{rel}","templated":true}]}}