{"id":5110,"date":"2023-01-30T09:47:24","date_gmt":"2023-01-30T07:47:24","guid":{"rendered":"https:\/\/asociatiaeducare.ro\/ro\/?page_id=5110"},"modified":"2023-06-06T15:18:37","modified_gmt":"2023-06-06T13:18:37","slug":"fii-voluntar","status":"publish","type":"page","link":"https:\/\/asociatiaeducare.ro\/ro\/fii-voluntar\/","title":{"rendered":"Fii Voluntar"},"content":{"rendered":"\t\t<div data-elementor-type=\"wp-page\" data-elementor-id=\"5110\" class=\"elementor elementor-5110\">\n\t\t\t\t\t\t\t        <section class=\"elementor-section elementor-top-section elementor-element elementor-element-823c38a elementor-section-boxed elementor-section-height-default elementor-section-height-default\" data-id=\"823c38a\" data-element_type=\"section\">\n\t\t\n\t\t        <div class=\"elementor-container elementor-column-gap-default \" >\n\t\t        <div class=\"elementor-column elementor-col-100 elementor-top-column elementor-element elementor-element-2c58458\" data-id=\"2c58458\" data-element_type=\"column\">\n        <div class=\"elementor-widget-wrap elementor-element-populated\">\n                        \t\t<div class=\"elementor-element elementor-element-9afb12d elementor-widget elementor-widget-cms_heading\" data-id=\"9afb12d\" data-element_type=\"widget\" data-widget_type=\"cms_heading.default\">\n\t\t\t\t<div class=\"elementor-widget-container\">\n\t\t\t<div class=\"cms-heading-wrapper cms-heading-layout1 \">\r\n            <div class=\"custom-subheading\">Implica-te<\/div>\r\n    \r\n            <h3 class=\"custom-heading\">\r\n            <span                 >\r\n                Fii Voluntar<\/span>\r\n        <\/h3>\r\n        \r\n    <\/div>\t\t<\/div>\n\t\t\t\t<\/div>\n\t\t        <\/div>\n        <\/div>\n        \t\t        <\/div>\n        <\/section>\n\t\t        <section class=\"elementor-section elementor-top-section elementor-element elementor-element-4b27cc0 elementor-section-boxed elementor-section-height-default elementor-section-height-default\" data-id=\"4b27cc0\" data-element_type=\"section\">\n\t\t\n\t\t        <div class=\"elementor-container elementor-column-gap-default \" >\n\t\t        <div class=\"elementor-column elementor-col-66 elementor-top-column elementor-element elementor-element-c1b8f0a\" data-id=\"c1b8f0a\" data-element_type=\"column\">\n        <div class=\"elementor-widget-wrap elementor-element-populated\">\n                        \t\t<div class=\"elementor-element elementor-element-aaf6ad3 elementor-widget elementor-widget-text-editor\" data-id=\"aaf6ad3\" data-element_type=\"widget\" data-widget_type=\"text-editor.default\">\n\t\t\t\t<div class=\"elementor-widget-container\">\n\t\t\t<style>\/*! elementor - v3.10.0 - 09-01-2023 *\/\n.elementor-widget-text-editor.elementor-drop-cap-view-stacked .elementor-drop-cap{background-color:#818a91;color:#fff}.elementor-widget-text-editor.elementor-drop-cap-view-framed .elementor-drop-cap{color:#818a91;border:3px solid;background-color:transparent}.elementor-widget-text-editor:not(.elementor-drop-cap-view-default) .elementor-drop-cap{margin-top:8px}.elementor-widget-text-editor:not(.elementor-drop-cap-view-default) .elementor-drop-cap-letter{width:1em;height:1em}.elementor-widget-text-editor .elementor-drop-cap{float:left;text-align:center;line-height:1;font-size:50px}.elementor-widget-text-editor .elementor-drop-cap-letter{display:inline-block}<\/style>\t\t\t\t<h5>FII ALATURI DE COPII CU NEVOI SPECIALE!<\/h5><p><span class=\"trx_addons_dark\">Copiii cu nevoi speciale au nevoie de modele si de oameni generosi care sa ofere putin din timpul lor.\u00a0Daca doresti sa ne ajuti si sa te alaturi echipei noastre de voluntari, te asteptam cu drag.<\/span><\/p><p><span class=\"trx_addons_dark\">Voluntariatul este forma cea mai simpl\u0103 prin care po\u021bi s\u0103 oferi sau s\u0103 \u00eentorci un bine. Rolul de voluntar este foarte frumos \u0219i \u00ee\u021bi poate aduce foarte mult\u0103 energie, bucurii \u0219i satisfac\u021bii, dar reprezint\u0103 \u0219i o provocare, aceea de a g\u0103si metode care s\u0103 \u00eei atrag\u0103 \u0219i motiveze pe copii. Pentru asta e nevoie de un pic de r\u0103bdare \u0219i perseveren\u021b\u0103, de o atitudine deschis\u0103 \u0219i un pic de imagina\u021bie. Te ajut\u0103m \u0219i noi, prin training-uri \u0219i consiliere!<\/span><\/p>\t\t\t\t\t\t<\/div>\n\t\t\t\t<\/div>\n\t\t        <\/div>\n        <\/div>\n                <div class=\"elementor-column elementor-col-33 elementor-top-column elementor-element elementor-element-6b6bc47\" data-id=\"6b6bc47\" data-element_type=\"column\">\n        <div class=\"elementor-widget-wrap elementor-element-populated\">\n                        \t\t<div class=\"elementor-element elementor-element-670634c elementor-widget elementor-widget-image\" data-id=\"670634c\" data-element_type=\"widget\" data-widget_type=\"image.default\">\n\t\t\t\t<div class=\"elementor-widget-container\">\n\t\t\t<style>\/*! elementor - v3.10.0 - 09-01-2023 *\/\n.elementor-widget-image{text-align:center}.elementor-widget-image a{display:inline-block}.elementor-widget-image a img[src$=\".svg\"]{width:48px}.elementor-widget-image img{vertical-align:middle;display:inline-block}<\/style>\t\t\t\t\t\t\t\t\t\t\t\t<img decoding=\"async\" width=\"640\" height=\"426\" src=\"https:\/\/asociatiaeducare.ro\/ro\/wp-content\/uploads\/2023\/01\/volunteers-2353427_640.png\" class=\"attachment-large size-large wp-image-5117\" alt=\"\" srcset=\"https:\/\/asociatiaeducare.ro\/ro\/wp-content\/uploads\/2023\/01\/volunteers-2353427_640.png 640w, https:\/\/asociatiaeducare.ro\/ro\/wp-content\/uploads\/2023\/01\/volunteers-2353427_640-300x200.png 300w\" sizes=\"(max-width: 640px) 100vw, 640px\" \/>\t\t\t\t\t\t\t\t\t\t\t\t\t\t\t<\/div>\n\t\t\t\t<\/div>\n\t\t        <\/div>\n        <\/div>\n        \t\t        <\/div>\n        <\/section>\n\t\t        <section class=\"elementor-section elementor-top-section elementor-element elementor-element-9b5fb3f elementor-section-boxed elementor-section-height-default elementor-section-height-default\" data-id=\"9b5fb3f\" data-element_type=\"section\">\n\t\t\n\t\t        <div class=\"elementor-container elementor-column-gap-default \" >\n\t\t        <div class=\"elementor-column elementor-col-100 elementor-top-column elementor-element elementor-element-23002bb\" data-id=\"23002bb\" data-element_type=\"column\">\n        <div class=\"elementor-widget-wrap elementor-element-populated\">\n                        \t\t<div class=\"elementor-element elementor-element-1f1a65f elementor-widget elementor-widget-text-editor\" data-id=\"1f1a65f\" data-element_type=\"widget\" data-widget_type=\"text-editor.default\">\n\t\t\t\t<div class=\"elementor-widget-container\">\n\t\t\t\t\t\t\t<h6><span class=\"trx_addons_dark\">Cautam oameni de bine, nu oameni perfecti.<\/span><\/h6><p><span class=\"trx_addons_dark\">C\u0103ut\u0103m oameni care s\u0103 \u0219tie c\u0103 destinul \u021bi-l faci dar c\u0103 nu mereu reu\u0219e\u0219ti singur. Oameni care s\u0103 ni se al\u0103ture pentru c\u0103 pot \u0219i vor s\u0103 dea din experien\u021ba lor, din pu\u021binul lor timp \u0219i din pu\u021bina lor bun\u0103stare.<\/span><\/p><p><span class=\"trx_addons_dark\">Po\u021bi s\u0103 participi impreuna cu Asociatia Educare la organizarea \u0219i coordonarea evenimentelor noastre, sa ne aju\u021bi s\u0103 u\u0219ur\u0103m accesul copiilor la s\u0103n\u0103tate \u0219i educa\u021bie, sa \u00ee\u021bi mobilizezi colegii, prietenii \u0219i rudele s\u0103 sprijine campaniile \u0219i programele noastre, sa ne aju\u021bi \u00een cercetare \u0219i \u00eentocmire baze de date,\u00a0 sa vii cu idei creative, sa poveste\u0219ti \u0219i altora despre noi.<\/span><\/p><p><span class=\"trx_addons_dark\">\u0218i po\u021bi s\u0103 vii cu propriile tale idei. Le ascult\u0103m, le analiz\u0103m \u00eempreun\u0103 \u0219i tot \u00eempreun\u0103 alegem \u00een ce direc\u021bie s\u0103 mergem.<\/span><\/p>\t\t\t\t\t\t<\/div>\n\t\t\t\t<\/div>\n\t\t        <\/div>\n        <\/div>\n        \t\t        <\/div>\n        <\/section>\n\t\t        <section class=\"elementor-section elementor-top-section elementor-element elementor-element-2c5ccaa elementor-section-boxed elementor-section-height-default elementor-section-height-default\" data-id=\"2c5ccaa\" data-element_type=\"section\">\n\t\t\n\t\t        <div class=\"elementor-container elementor-column-gap-default \" >\n\t\t        <div class=\"elementor-column elementor-col-100 elementor-top-column elementor-element elementor-element-ef4372a\" data-id=\"ef4372a\" data-element_type=\"column\">\n        <div class=\"elementor-widget-wrap elementor-element-populated\">\n                        \t\t<div class=\"elementor-element elementor-element-6c078ed elementor-widget elementor-widget-cms_heading\" data-id=\"6c078ed\" data-element_type=\"widget\" data-widget_type=\"cms_heading.default\">\n\t\t\t\t<div class=\"elementor-widget-container\">\n\t\t\t<div class=\"cms-heading-wrapper cms-heading-layout1 \">\r\n            <div class=\"custom-subheading\">Ce trebuie sa faci<\/div>\r\n    \r\n        \r\n    <\/div>\t\t<\/div>\n\t\t\t\t<\/div>\n\t\t        <\/div>\n        <\/div>\n        \t\t        <\/div>\n        <\/section>\n\t\t        <section class=\"elementor-section elementor-top-section elementor-element elementor-element-b210489 elementor-section-boxed elementor-section-height-default elementor-section-height-default\" data-id=\"b210489\" data-element_type=\"section\">\n\t\t\n\t\t        <div class=\"elementor-container elementor-column-gap-default \" >\n\t\t        <div class=\"elementor-column elementor-col-33 elementor-top-column elementor-element elementor-element-c53c3cc\" data-id=\"c53c3cc\" data-element_type=\"column\">\n        <div class=\"elementor-widget-wrap elementor-element-populated\">\n                        \t\t<div class=\"elementor-element elementor-element-d0eed6c elementor-widget elementor-widget-image\" data-id=\"d0eed6c\" data-element_type=\"widget\" data-widget_type=\"image.default\">\n\t\t\t\t<div class=\"elementor-widget-container\">\n\t\t\t\t\t\t\t\t\t\t\t\t\t\t\t<img decoding=\"async\" width=\"300\" height=\"216\" src=\"https:\/\/asociatiaeducare.ro\/ro\/wp-content\/uploads\/2023\/01\/form-300x216.jpg\" class=\"attachment-medium size-medium wp-image-5128\" alt=\"\" srcset=\"https:\/\/asociatiaeducare.ro\/ro\/wp-content\/uploads\/2023\/01\/form-300x216.jpg 300w, https:\/\/asociatiaeducare.ro\/ro\/wp-content\/uploads\/2023\/01\/form-1024x737.jpg 1024w, https:\/\/asociatiaeducare.ro\/ro\/wp-content\/uploads\/2023\/01\/form-768x553.jpg 768w, https:\/\/asociatiaeducare.ro\/ro\/wp-content\/uploads\/2023\/01\/form.jpg 1194w\" sizes=\"(max-width: 300px) 100vw, 300px\" \/>\t\t\t\t\t\t\t\t\t\t\t\t\t\t\t<\/div>\n\t\t\t\t<\/div>\n\t\t        <\/div>\n        <\/div>\n                <div class=\"elementor-column elementor-col-66 elementor-top-column elementor-element elementor-element-00d1b66\" data-id=\"00d1b66\" data-element_type=\"column\">\n        <div class=\"elementor-widget-wrap elementor-element-populated\">\n                        \t\t<div class=\"elementor-element elementor-element-37649fe elementor-widget elementor-widget-text-editor\" data-id=\"37649fe\" data-element_type=\"widget\" data-widget_type=\"text-editor.default\">\n\t\t\t\t<div class=\"elementor-widget-container\">\n\t\t\t\t\t\t\t<p><span class=\"trx_addons_dark\">Completezi\u00a0<span class=\"trx_addons_accent_bg\"><a href=\"https:\/\/www.asociatiaeducare.ro\/wp-content\/uploads\/2018\/10\/1.Formular_inscriere_voluntariat_.pdf\"><em><strong><span class=\"trx_addons_accent\">formularul de inscriere<\/span><\/strong><\/em><\/a><\/span>\u00a0si impreuna cu CV-ul tau le trimiti pe adresa de mail a asociatiei contact@asociatiaeducare.ro.<\/span><\/p><p><span class=\"trx_addons_dark\">Documentele inaintate vor ajunge la noi si dupa consulatare in cadrul echipei noastre iti vom programa o intrevedere pentru a consemna detaliile a ceea ce vei face in cadrul asociatiei.<\/span><\/p><p><span class=\"trx_addons_dark\">In final semnezi contractul de voluntariat pentru a ne bucura de ajutorul tau.<\/span><\/p>\t\t\t\t\t\t<\/div>\n\t\t\t\t<\/div>\n\t\t        <\/div>\n        <\/div>\n        \t\t        <\/div>\n        <\/section>\n\t\t        <section class=\"elementor-section elementor-top-section elementor-element elementor-element-2826653 elementor-section-boxed elementor-section-height-default elementor-section-height-default\" data-id=\"2826653\" data-element_type=\"section\">\n\t\t\n\t\t        <div class=\"elementor-container elementor-column-gap-default \" >\n\t\t        <div class=\"elementor-column elementor-col-100 elementor-top-column elementor-element elementor-element-ea6817a\" data-id=\"ea6817a\" data-element_type=\"column\">\n        <div class=\"elementor-widget-wrap elementor-element-populated\">\n                        \t\t<div class=\"elementor-element elementor-element-0ece9e1 elementor-widget elementor-widget-heading\" data-id=\"0ece9e1\" data-element_type=\"widget\" data-widget_type=\"heading.default\">\n\t\t\t\t<div class=\"elementor-widget-container\">\n\t\t\t<style>\/*! elementor - v3.10.0 - 09-01-2023 *\/\n.elementor-heading-title{padding:0;margin:0;line-height:1}.elementor-widget-heading .elementor-heading-title[class*=elementor-size-]>a{color:inherit;font-size:inherit;line-height:inherit}.elementor-widget-heading .elementor-heading-title.elementor-size-small{font-size:15px}.elementor-widget-heading .elementor-heading-title.elementor-size-medium{font-size:19px}.elementor-widget-heading .elementor-heading-title.elementor-size-large{font-size:29px}.elementor-widget-heading .elementor-heading-title.elementor-size-xl{font-size:39px}.elementor-widget-heading .elementor-heading-title.elementor-size-xxl{font-size:59px}<\/style><h2 class=\"elementor-heading-title elementor-size-default\">TE ASTEPTAM IN ECHIPA NOASTRA!<\/h2>\t\t<\/div>\n\t\t\t\t<\/div>\n\t\t        <\/div>\n        <\/div>\n        \t\t        <\/div>\n        <\/section>\n\t\t\t\t\t\t\t<\/div>\n\t\t","protected":false},"excerpt":{"rendered":"<p>Implica-te Fii Voluntar FII ALATURI DE COPII CU NEVOI SPECIALE! Copiii cu nevoi speciale au nevoie de modele si de oameni generosi care sa ofere putin din timpul lor.\u00a0Daca doresti sa ne ajuti si sa te alaturi echipei noastre de voluntari, te asteptam cu drag. Voluntariatul este forma cea mai simpl\u0103 prin care po\u021bi s\u0103 [&hellip;]<\/p>\n","protected":false},"author":1,"featured_media":0,"parent":0,"menu_order":0,"comment_status":"closed","ping_status":"closed","template":"","meta":[],"yoast_head":"<!-- This site is optimized with the Yoast SEO plugin v19.14 - https:\/\/yoast.com\/wordpress\/plugins\/seo\/ -->\n<title>Fii Voluntar - Asociatia Educare<\/title>\n<meta name=\"robots\" content=\"index, follow, max-snippet:-1, max-image-preview:large, max-video-preview:-1\" \/>\n<link rel=\"canonical\" href=\"https:\/\/asociatiaeducare.ro\/ro\/fii-voluntar\/\" \/>\n<meta property=\"og:locale\" content=\"ro_RO\" \/>\n<meta property=\"og:type\" content=\"article\" \/>\n<meta property=\"og:title\" content=\"Fii Voluntar - Asociatia Educare\" \/>\n<meta property=\"og:description\" content=\"Implica-te Fii Voluntar FII ALATURI DE COPII CU NEVOI SPECIALE! Copiii cu nevoi speciale au nevoie de modele si de oameni generosi care sa ofere putin din timpul lor.\u00a0Daca doresti sa ne ajuti si sa te alaturi echipei noastre de voluntari, te asteptam cu drag. Voluntariatul este forma cea mai simpl\u0103 prin care po\u021bi s\u0103 [&hellip;]\" \/>\n<meta property=\"og:url\" content=\"https:\/\/asociatiaeducare.ro\/ro\/fii-voluntar\/\" \/>\n<meta property=\"og:site_name\" content=\"Asociatia Educare\" \/>\n<meta property=\"article:modified_time\" content=\"2023-06-06T13:18:37+00:00\" \/>\n<meta property=\"og:image\" content=\"https:\/\/asociatiaeducare.ro\/ro\/wp-content\/uploads\/2023\/01\/volunteers-2353427_640.png\" \/>\n<meta name=\"twitter:card\" content=\"summary_large_image\" \/>\n<meta name=\"twitter:label1\" content=\"Est. reading time\" \/>\n\t<meta name=\"twitter:data1\" content=\"3 minute\" \/>\n<script type=\"application\/ld+json\" class=\"yoast-schema-graph\">{\"@context\":\"https:\/\/schema.org\",\"@graph\":[{\"@type\":\"WebPage\",\"@id\":\"https:\/\/asociatiaeducare.ro\/ro\/fii-voluntar\/\",\"url\":\"https:\/\/asociatiaeducare.ro\/ro\/fii-voluntar\/\",\"name\":\"Fii Voluntar - Asociatia Educare\",\"isPartOf\":{\"@id\":\"https:\/\/asociatiaeducare.ro\/ro\/#website\"},\"datePublished\":\"2023-01-30T07:47:24+00:00\",\"dateModified\":\"2023-06-06T13:18:37+00:00\",\"breadcrumb\":{\"@id\":\"https:\/\/asociatiaeducare.ro\/ro\/fii-voluntar\/#breadcrumb\"},\"inLanguage\":\"ro-RO\",\"potentialAction\":[{\"@type\":\"ReadAction\",\"target\":[\"https:\/\/asociatiaeducare.ro\/ro\/fii-voluntar\/\"]}]},{\"@type\":\"BreadcrumbList\",\"@id\":\"https:\/\/asociatiaeducare.ro\/ro\/fii-voluntar\/#breadcrumb\",\"itemListElement\":[{\"@type\":\"ListItem\",\"position\":1,\"name\":\"Home\",\"item\":\"https:\/\/asociatiaeducare.ro\/ro\/\"},{\"@type\":\"ListItem\",\"position\":2,\"name\":\"Fii Voluntar\"}]},{\"@type\":\"WebSite\",\"@id\":\"https:\/\/asociatiaeducare.ro\/ro\/#website\",\"url\":\"https:\/\/asociatiaeducare.ro\/ro\/\",\"name\":\"Asociatia Educare\",\"description\":\"Diferit nu inseamna izolat\",\"potentialAction\":[{\"@type\":\"SearchAction\",\"target\":{\"@type\":\"EntryPoint\",\"urlTemplate\":\"https:\/\/asociatiaeducare.ro\/ro\/?s={search_term_string}\"},\"query-input\":\"required name=search_term_string\"}],\"inLanguage\":\"ro-RO\"}]}<\/script>\n<!-- \/ Yoast SEO plugin. -->","yoast_head_json":{"title":"Fii Voluntar - Asociatia Educare","robots":{"index":"index","follow":"follow","max-snippet":"max-snippet:-1","max-image-preview":"max-image-preview:large","max-video-preview":"max-video-preview:-1"},"canonical":"https:\/\/asociatiaeducare.ro\/ro\/fii-voluntar\/","og_locale":"ro_RO","og_type":"article","og_title":"Fii Voluntar - Asociatia Educare","og_description":"Implica-te Fii Voluntar FII ALATURI DE COPII CU NEVOI SPECIALE! Copiii cu nevoi speciale au nevoie de modele si de oameni generosi care sa ofere putin din timpul lor.\u00a0Daca doresti sa ne ajuti si sa te alaturi echipei noastre de voluntari, te asteptam cu drag. Voluntariatul este forma cea mai simpl\u0103 prin care po\u021bi s\u0103 [&hellip;]","og_url":"https:\/\/asociatiaeducare.ro\/ro\/fii-voluntar\/","og_site_name":"Asociatia Educare","article_modified_time":"2023-06-06T13:18:37+00:00","og_image":[{"url":"https:\/\/asociatiaeducare.ro\/ro\/wp-content\/uploads\/2023\/01\/volunteers-2353427_640.png"}],"twitter_card":"summary_large_image","twitter_misc":{"Est. reading time":"3 minute"},"schema":{"@context":"https:\/\/schema.org","@graph":[{"@type":"WebPage","@id":"https:\/\/asociatiaeducare.ro\/ro\/fii-voluntar\/","url":"https:\/\/asociatiaeducare.ro\/ro\/fii-voluntar\/","name":"Fii Voluntar - Asociatia Educare","isPartOf":{"@id":"https:\/\/asociatiaeducare.ro\/ro\/#website"},"datePublished":"2023-01-30T07:47:24+00:00","dateModified":"2023-06-06T13:18:37+00:00","breadcrumb":{"@id":"https:\/\/asociatiaeducare.ro\/ro\/fii-voluntar\/#breadcrumb"},"inLanguage":"ro-RO","potentialAction":[{"@type":"ReadAction","target":["https:\/\/asociatiaeducare.ro\/ro\/fii-voluntar\/"]}]},{"@type":"BreadcrumbList","@id":"https:\/\/asociatiaeducare.ro\/ro\/fii-voluntar\/#breadcrumb","itemListElement":[{"@type":"ListItem","position":1,"name":"Home","item":"https:\/\/asociatiaeducare.ro\/ro\/"},{"@type":"ListItem","position":2,"name":"Fii Voluntar"}]},{"@type":"WebSite","@id":"https:\/\/asociatiaeducare.ro\/ro\/#website","url":"https:\/\/asociatiaeducare.ro\/ro\/","name":"Asociatia Educare","description":"Diferit nu inseamna izolat","potentialAction":[{"@type":"SearchAction","target":{"@type":"EntryPoint","urlTemplate":"https:\/\/asociatiaeducare.ro\/ro\/?s={search_term_string}"},"query-input":"required name=search_term_string"}],"inLanguage":"ro-RO"}]}},"_links":{"self":[{"href":"https:\/\/asociatiaeducare.ro\/ro\/wp-json\/wp\/v2\/pages\/5110"}],"collection":[{"href":"https:\/\/asociatiaeducare.ro\/ro\/wp-json\/wp\/v2\/pages"}],"about":[{"href":"https:\/\/asociatiaeducare.ro\/ro\/wp-json\/wp\/v2\/types\/page"}],"author":[{"embeddable":true,"href":"https:\/\/asociatiaeducare.ro\/ro\/wp-json\/wp\/v2\/users\/1"}],"replies":[{"embeddable":true,"href":"https:\/\/asociatiaeducare.ro\/ro\/wp-json\/wp\/v2\/comments?post=5110"}],"version-history":[{"count":31,"href":"https:\/\/asociatiaeducare.ro\/ro\/wp-json\/wp\/v2\/pages\/5110\/revisions"}],"predecessor-version":[{"id":5635,"href":"https:\/\/asociatiaeducare.ro\/ro\/wp-json\/wp\/v2\/pages\/5110\/revisions\/5635"}],"wp:attachment":[{"href":"https:\/\/asociatiaeducare.ro\/ro\/wp-json\/wp\/v2\/media?parent=5110"}],"curies":[{"name":"wp","href":"https:\/\/api.w.org\/{rel}","templated":true}]}}