{"id":5158,"date":"2023-01-30T10:23:22","date_gmt":"2023-01-30T08:23:22","guid":{"rendered":"https:\/\/asociatiaeducare.ro\/ro\/?page_id=5158"},"modified":"2023-07-04T15:35:14","modified_gmt":"2023-07-04T13:35:14","slug":"directioneaza-3-5-din-impozitul-pe-venit-persoane-fizice","status":"publish","type":"page","link":"https:\/\/asociatiaeducare.ro\/ro\/directioneaza-3-5-din-impozitul-pe-venit-persoane-fizice\/","title":{"rendered":"Directioneaza 3.5% din impozitul pe venit \u2013 persoane fizice"},"content":{"rendered":"\t\t<div data-elementor-type=\"wp-page\" data-elementor-id=\"5158\" class=\"elementor elementor-5158\">\n\t\t\t\t\t\t\t        <section class=\"elementor-section elementor-top-section elementor-element elementor-element-729fea1 elementor-section-boxed elementor-section-height-default elementor-section-height-default\" data-id=\"729fea1\" data-element_type=\"section\">\n\t\t\n\t\t        <div class=\"elementor-container elementor-column-gap-default \" >\n\t\t        <div class=\"elementor-column elementor-col-100 elementor-top-column elementor-element elementor-element-19d196e\" data-id=\"19d196e\" data-element_type=\"column\">\n        <div class=\"elementor-widget-wrap elementor-element-populated\">\n                        \t\t<div class=\"elementor-element elementor-element-8ddd6f7 elementor-widget elementor-widget-cms_heading\" data-id=\"8ddd6f7\" data-element_type=\"widget\" data-widget_type=\"cms_heading.default\">\n\t\t\t\t<div class=\"elementor-widget-container\">\n\t\t\t<div class=\"cms-heading-wrapper cms-heading-layout1 \">\r\n            <div class=\"custom-subheading\">Doneaza<\/div>\r\n    \r\n            <h3 class=\"custom-heading\">\r\n            <span                 >\r\n                Directioneaza 3.5% din impozitul pe venit \u2013 persoane fizice<\/span>\r\n        <\/h3>\r\n        \r\n    <\/div>\t\t<\/div>\n\t\t\t\t<\/div>\n\t\t        <\/div>\n        <\/div>\n        \t\t        <\/div>\n        <\/section>\n\t\t        <section class=\"elementor-section elementor-top-section elementor-element elementor-element-4abf8db elementor-section-boxed elementor-section-height-default elementor-section-height-default\" data-id=\"4abf8db\" data-element_type=\"section\">\n\t\t\n\t\t        <div class=\"elementor-container elementor-column-gap-default \" >\n\t\t        <div class=\"elementor-column elementor-col-100 elementor-top-column elementor-element elementor-element-6adf2e7\" data-id=\"6adf2e7\" data-element_type=\"column\">\n        <div class=\"elementor-widget-wrap elementor-element-populated\">\n                        \t\t<div class=\"elementor-element elementor-element-5b95ba5 elementor-widget elementor-widget-heading\" data-id=\"5b95ba5\" data-element_type=\"widget\" data-widget_type=\"heading.default\">\n\t\t\t\t<div class=\"elementor-widget-container\">\n\t\t\t<style>\/*! elementor - v3.10.0 - 09-01-2023 *\/\n.elementor-heading-title{padding:0;margin:0;line-height:1}.elementor-widget-heading .elementor-heading-title[class*=elementor-size-]>a{color:inherit;font-size:inherit;line-height:inherit}.elementor-widget-heading .elementor-heading-title.elementor-size-small{font-size:15px}.elementor-widget-heading .elementor-heading-title.elementor-size-medium{font-size:19px}.elementor-widget-heading .elementor-heading-title.elementor-size-large{font-size:29px}.elementor-widget-heading .elementor-heading-title.elementor-size-xl{font-size:39px}.elementor-widget-heading .elementor-heading-title.elementor-size-xxl{font-size:59px}<\/style><h2 class=\"elementor-heading-title elementor-size-default\">SI TU NE POTI AJUTA SA AJUTAM!<\/h2>\t\t<\/div>\n\t\t\t\t<\/div>\n\t\t        <\/div>\n        <\/div>\n        \t\t        <\/div>\n        <\/section>\n\t\t        <section class=\"elementor-section elementor-top-section elementor-element elementor-element-4341b05 elementor-section-boxed elementor-section-height-default elementor-section-height-default\" data-id=\"4341b05\" data-element_type=\"section\">\n\t\t\n\t\t        <div class=\"elementor-container elementor-column-gap-default \" >\n\t\t        <div class=\"elementor-column elementor-col-66 elementor-top-column elementor-element elementor-element-1fcb105\" data-id=\"1fcb105\" data-element_type=\"column\">\n        <div class=\"elementor-widget-wrap elementor-element-populated\">\n                        \t\t<div class=\"elementor-element elementor-element-9743e89 elementor-widget elementor-widget-text-editor\" data-id=\"9743e89\" data-element_type=\"widget\" data-widget_type=\"text-editor.default\">\n\t\t\t\t<div class=\"elementor-widget-container\">\n\t\t\t<style>\/*! elementor - v3.10.0 - 09-01-2023 *\/\n.elementor-widget-text-editor.elementor-drop-cap-view-stacked .elementor-drop-cap{background-color:#818a91;color:#fff}.elementor-widget-text-editor.elementor-drop-cap-view-framed .elementor-drop-cap{color:#818a91;border:3px solid;background-color:transparent}.elementor-widget-text-editor:not(.elementor-drop-cap-view-default) .elementor-drop-cap{margin-top:8px}.elementor-widget-text-editor:not(.elementor-drop-cap-view-default) .elementor-drop-cap-letter{width:1em;height:1em}.elementor-widget-text-editor .elementor-drop-cap{float:left;text-align:center;line-height:1;font-size:50px}.elementor-widget-text-editor .elementor-drop-cap-letter{display:inline-block}<\/style>\t\t\t\t<p><span class=\"trx_addons_dark\">Dona\u021bia ta reprezint\u0103 modul prin care te al\u0103turi efortului nostru comun de a schimba destine, de a d\u0103rui din ceea ce ai, material \u0219i emo\u021bional. Finan\u021barea este esen\u021bial\u0103 pentru a sus\u021bine proiectele Asocia\u021biei EduCare ini\u021biate \u0219i dezvoltate de membrii platformei.<\/span><\/p><p><span class=\"trx_addons_dark\">La inceputul fiecarui an, p\u00e2n\u0103 pe 25 mai po\u021bi contribui cu redirec\u021bionarea a 3,5 % din impozitul anual pe veniturile din salarii sau pensii ori din activitati similate salariilor din anul fiscal anterior, prin transmiterea formularului de mai jos, completat cu datele tale, la Administra\u021bia Financiar\u0103 de domiciliu sau la sediul asociatiei \u0219i \u00eel putem depune noi pentru tine.<\/span><\/p>\t\t\t\t\t\t<\/div>\n\t\t\t\t<\/div>\n\t\t        <\/div>\n        <\/div>\n                <div class=\"elementor-column elementor-col-33 elementor-top-column elementor-element elementor-element-20f4807\" data-id=\"20f4807\" data-element_type=\"column\">\n        <div class=\"elementor-widget-wrap elementor-element-populated\">\n                        \t\t<div class=\"elementor-element elementor-element-6e2424c elementor-widget elementor-widget-image\" data-id=\"6e2424c\" data-element_type=\"widget\" data-widget_type=\"image.default\">\n\t\t\t\t<div class=\"elementor-widget-container\">\n\t\t\t<style>\/*! elementor - v3.10.0 - 09-01-2023 *\/\n.elementor-widget-image{text-align:center}.elementor-widget-image a{display:inline-block}.elementor-widget-image a img[src$=\".svg\"]{width:48px}.elementor-widget-image img{vertical-align:middle;display:inline-block}<\/style>\t\t\t\t\t\t\t\t\t\t\t\t<img decoding=\"async\" width=\"640\" height=\"426\" src=\"https:\/\/asociatiaeducare.ro\/ro\/wp-content\/uploads\/2023\/01\/s93-pm-2757_1.jpg\" class=\"attachment-large size-large wp-image-5197\" alt=\"\" srcset=\"https:\/\/asociatiaeducare.ro\/ro\/wp-content\/uploads\/2023\/01\/s93-pm-2757_1.jpg 800w, https:\/\/asociatiaeducare.ro\/ro\/wp-content\/uploads\/2023\/01\/s93-pm-2757_1-300x200.jpg 300w, https:\/\/asociatiaeducare.ro\/ro\/wp-content\/uploads\/2023\/01\/s93-pm-2757_1-768x512.jpg 768w\" sizes=\"(max-width: 640px) 100vw, 640px\" \/>\t\t\t\t\t\t\t\t\t\t\t\t\t\t\t<\/div>\n\t\t\t\t<\/div>\n\t\t        <\/div>\n        <\/div>\n        \t\t        <\/div>\n        <\/section>\n\t\t        <section class=\"elementor-section elementor-top-section elementor-element elementor-element-b0c62fd elementor-section-boxed elementor-section-height-default elementor-section-height-default\" data-id=\"b0c62fd\" data-element_type=\"section\">\n\t\t\n\t\t        <div class=\"elementor-container elementor-column-gap-default \" >\n\t\t        <div class=\"elementor-column elementor-col-100 elementor-top-column elementor-element elementor-element-ae3960d\" data-id=\"ae3960d\" data-element_type=\"column\">\n        <div class=\"elementor-widget-wrap elementor-element-populated\">\n                        \t\t<div class=\"elementor-element elementor-element-31ba8c5 elementor-widget elementor-widget-heading\" data-id=\"31ba8c5\" data-element_type=\"widget\" data-widget_type=\"heading.default\">\n\t\t\t\t<div class=\"elementor-widget-container\">\n\t\t\t<h2 class=\"elementor-heading-title elementor-size-default\">CE TREBUIE SA FACI?<\/h2>\t\t<\/div>\n\t\t\t\t<\/div>\n\t\t        <\/div>\n        <\/div>\n        \t\t        <\/div>\n        <\/section>\n\t\t        <section class=\"elementor-section elementor-top-section elementor-element elementor-element-01d8aae elementor-section-boxed elementor-section-height-default elementor-section-height-default\" data-id=\"01d8aae\" data-element_type=\"section\">\n\t\t\n\t\t        <div class=\"elementor-container elementor-column-gap-default \" >\n\t\t        <div class=\"elementor-column elementor-col-50 elementor-top-column elementor-element elementor-element-aa5675d\" data-id=\"aa5675d\" data-element_type=\"column\">\n        <div class=\"elementor-widget-wrap elementor-element-populated\">\n                        \t\t<div class=\"elementor-element elementor-element-d926fc9 elementor-widget elementor-widget-text-editor\" data-id=\"d926fc9\" data-element_type=\"widget\" data-widget_type=\"text-editor.default\">\n\t\t\t\t<div class=\"elementor-widget-container\">\n\t\t\t\t\t\t\t<h5 style=\"text-align: center;\">Daca ai inregistrat venituri din salarii sau pensii.<\/h5>\t\t\t\t\t\t<\/div>\n\t\t\t\t<\/div>\n\t\t        <\/div>\n        <\/div>\n                <div class=\"elementor-column elementor-col-50 elementor-top-column elementor-element elementor-element-fdeba2b\" data-id=\"fdeba2b\" data-element_type=\"column\">\n        <div class=\"elementor-widget-wrap elementor-element-populated\">\n                        \t\t<div class=\"elementor-element elementor-element-f581044 elementor-widget elementor-widget-text-editor\" data-id=\"f581044\" data-element_type=\"widget\" data-widget_type=\"text-editor.default\">\n\t\t\t\t<div class=\"elementor-widget-container\">\n\t\t\t\t\t\t\t<h5 style=\"text-align: center;\">Daca ai inregistrat venituri din activitati independente.<\/h5>\t\t\t\t\t\t<\/div>\n\t\t\t\t<\/div>\n\t\t        <\/div>\n        <\/div>\n        \t\t        <\/div>\n        <\/section>\n\t\t        <section class=\"elementor-section elementor-top-section elementor-element elementor-element-f94aea8 elementor-section-boxed elementor-section-height-default elementor-section-height-default\" data-id=\"f94aea8\" data-element_type=\"section\">\n\t\t\n\t\t        <div class=\"elementor-container elementor-column-gap-default \" >\n\t\t        <div class=\"elementor-column elementor-col-50 elementor-top-column elementor-element elementor-element-c1ceb1a\" data-id=\"c1ceb1a\" data-element_type=\"column\">\n        <div class=\"elementor-widget-wrap elementor-element-populated\">\n                        \t\t<div class=\"elementor-element elementor-element-aef5b68 elementor-button-info elementor-align-center elementor-widget elementor-widget-button\" data-id=\"aef5b68\" data-element_type=\"widget\" data-widget_type=\"button.default\">\n\t\t\t\t<div class=\"elementor-widget-container\">\n\t\t\t\t\t<div class=\"elementor-button-wrapper\">\n\t\t\t<a href=\"https:\/\/www.asociatiaeducare.ro\/wp-content\/uploads\/2018\/09\/Formular-230.pdf\" target=\"_blank\" class=\"elementor-button-link elementor-button elementor-size-sm\" role=\"button\">\n\t\t\t\t\t\t<span class=\"elementor-button-content-wrapper\">\n\t\t\t\t\t\t\t<span class=\"elementor-button-icon elementor-align-icon-left\">\n\t\t\t\t<i aria-hidden=\"true\" class=\"far fa-file-pdf\"><\/i>\t\t\t<\/span>\n\t\t\t\t\t\t<span class=\"elementor-button-text\">Descarca Formularul 230<\/span>\n\t\t<\/span>\n\t\t\t\t\t<\/a>\n\t\t<\/div>\n\t\t\t\t<\/div>\n\t\t\t\t<\/div>\n\t\t        <\/div>\n        <\/div>\n                <div class=\"elementor-column elementor-col-50 elementor-top-column elementor-element elementor-element-05e8580\" data-id=\"05e8580\" data-element_type=\"column\">\n        <div class=\"elementor-widget-wrap elementor-element-populated\">\n                        \t\t<div class=\"elementor-element elementor-element-628ac63 elementor-button-info elementor-align-center elementor-widget elementor-widget-button\" data-id=\"628ac63\" data-element_type=\"widget\" data-widget_type=\"button.default\">\n\t\t\t\t<div class=\"elementor-widget-container\">\n\t\t\t\t\t<div class=\"elementor-button-wrapper\">\n\t\t\t<a href=\"https:\/\/www.asociatiaeducare.ro\/wp-content\/uploads\/2018\/09\/Declaratia-212.pdf\" target=\"_blank\" class=\"elementor-button-link elementor-button elementor-size-sm\" role=\"button\">\n\t\t\t\t\t\t<span class=\"elementor-button-content-wrapper\">\n\t\t\t\t\t\t\t<span class=\"elementor-button-icon elementor-align-icon-left\">\n\t\t\t\t<i aria-hidden=\"true\" class=\"far fa-file-pdf\"><\/i>\t\t\t<\/span>\n\t\t\t\t\t\t<span class=\"elementor-button-text\">Descarca Formularul 212<\/span>\n\t\t<\/span>\n\t\t\t\t\t<\/a>\n\t\t<\/div>\n\t\t\t\t<\/div>\n\t\t\t\t<\/div>\n\t\t        <\/div>\n        <\/div>\n        \t\t        <\/div>\n        <\/section>\n\t\t        <section class=\"elementor-section elementor-top-section elementor-element elementor-element-061e623 elementor-section-boxed elementor-section-height-default elementor-section-height-default\" data-id=\"061e623\" data-element_type=\"section\">\n\t\t\n\t\t        <div class=\"elementor-container elementor-column-gap-default \" >\n\t\t        <div class=\"elementor-column elementor-col-100 elementor-top-column elementor-element elementor-element-cc5b6d6\" data-id=\"cc5b6d6\" data-element_type=\"column\">\n        <div class=\"elementor-widget-wrap elementor-element-populated\">\n                        \t\t<div class=\"elementor-element elementor-element-734fd77 elementor-widget elementor-widget-heading\" data-id=\"734fd77\" data-element_type=\"widget\" data-widget_type=\"heading.default\">\n\t\t\t\t<div class=\"elementor-widget-container\">\n\t\t\t<h2 class=\"elementor-heading-title elementor-size-default\">COMPLETEAZA SI DEPUNE FORMULARUL<\/h2>\t\t<\/div>\n\t\t\t\t<\/div>\n\t\t        <\/div>\n        <\/div>\n        \t\t        <\/div>\n        <\/section>\n\t\t        <section class=\"elementor-section elementor-top-section elementor-element elementor-element-b816d25 elementor-section-boxed elementor-section-height-default elementor-section-height-default\" data-id=\"b816d25\" data-element_type=\"section\">\n\t\t\n\t\t        <div class=\"elementor-container elementor-column-gap-default \" >\n\t\t        <div class=\"elementor-column elementor-col-100 elementor-top-column elementor-element elementor-element-c5bbf03\" data-id=\"c5bbf03\" data-element_type=\"column\">\n        <div class=\"elementor-widget-wrap elementor-element-populated\">\n                        \t\t<div class=\"elementor-element elementor-element-bef5fb8 elementor-widget elementor-widget-text-editor\" data-id=\"bef5fb8\" data-element_type=\"widget\" data-widget_type=\"text-editor.default\">\n\t\t\t\t<div class=\"elementor-widget-container\">\n\t\t\t\t\t\t\t<p><span style=\"font-family: inherit; font-weight: inherit; background-image: initial; background-position: initial; background-size: initial; background-repeat: initial; background-attachment: initial; background-origin: initial; background-clip: initial; letter-spacing: 0px; font-size: 11.5pt; line-height: 107%; color: #777777;\">Deoarece stim cat de pretios este timpul tau il putem depune noi pentru tine, tot ce trebuie sa faci este sa completezi online formularul, accesand acest link <\/span><span style=\"font-family: inherit; font-weight: inherit; letter-spacing: 0px; color: #ff0000;\">\u00a0<a style=\"color: #ff0000;\" href=\"https:\/\/formular230.ro\/asociatia-educare\">https:\/\/formular230.ro\/asociatia-educare<\/a>.<\/span><\/p><p>\u00a0<\/p><p><span style=\"font-size: 11.5pt; line-height: 107%; color: #777777; background-image: initial; background-position: initial; background-size: initial; background-repeat: initial; background-attachment: initial; background-origin: initial; background-clip: initial;\">Salveaza formularul si trimite-l pe whatsapp la nr de telefon: 40 720 707 102 sau pe email la<\/span> <a href=\"mailto:asociatia.educare@yahoo.com\"><span style=\"color: #0563c1;\">asociatia.educare@yahoo.c<\/span><\/a><\/p>\t\t\t\t\t\t<\/div>\n\t\t\t\t<\/div>\n\t\t        <\/div>\n        <\/div>\n        \t\t        <\/div>\n        <\/section>\n\t\t        <section class=\"elementor-section elementor-top-section elementor-element elementor-element-895ad8c elementor-section-boxed elementor-section-height-default elementor-section-height-default\" data-id=\"895ad8c\" data-element_type=\"section\">\n\t\t\n\t\t        <div class=\"elementor-container elementor-column-gap-default \" >\n\t\t        <div class=\"elementor-column elementor-col-100 elementor-top-column elementor-element elementor-element-37b9de8\" data-id=\"37b9de8\" data-element_type=\"column\">\n        <div class=\"elementor-widget-wrap elementor-element-populated\">\n                        \t\t<div class=\"elementor-element elementor-element-96db940 elementor-button-info elementor-align-center elementor-widget elementor-widget-button\" data-id=\"96db940\" data-element_type=\"widget\" data-widget_type=\"button.default\">\n\t\t\t\t<div class=\"elementor-widget-container\">\n\t\t\t\t\t<div class=\"elementor-button-wrapper\">\n\t\t\t<a href=\"https:\/\/www.asociatiaeducare.ro\/wp-content\/uploads\/2018\/09\/Imputernicire-D230.doc\" target=\"_blank\" class=\"elementor-button-link elementor-button elementor-size-sm\" role=\"button\">\n\t\t\t\t\t\t<span class=\"elementor-button-content-wrapper\">\n\t\t\t\t\t\t\t<span class=\"elementor-button-icon elementor-align-icon-left\">\n\t\t\t\t<i aria-hidden=\"true\" class=\"fas fa-download\"><\/i>\t\t\t<\/span>\n\t\t\t\t\t\t<span class=\"elementor-button-text\">Descarca Formularul 230<\/span>\n\t\t<\/span>\n\t\t\t\t\t<\/a>\n\t\t<\/div>\n\t\t\t\t<\/div>\n\t\t\t\t<\/div>\n\t\t        <\/div>\n        <\/div>\n        \t\t        <\/div>\n        <\/section>\n\t\t        <section class=\"elementor-section elementor-top-section elementor-element elementor-element-051aaa6 elementor-section-boxed elementor-section-height-default elementor-section-height-default\" data-id=\"051aaa6\" data-element_type=\"section\">\n\t\t\n\t\t        <div class=\"elementor-container elementor-column-gap-default \" >\n\t\t        <div class=\"elementor-column elementor-col-100 elementor-top-column elementor-element elementor-element-4a3f05d\" data-id=\"4a3f05d\" data-element_type=\"column\">\n        <div class=\"elementor-widget-wrap elementor-element-populated\">\n                        \t\t<div class=\"elementor-element elementor-element-e1d0935 elementor-widget elementor-widget-heading\" data-id=\"e1d0935\" data-element_type=\"widget\" data-widget_type=\"heading.default\">\n\t\t\t\t<div class=\"elementor-widget-container\">\n\t\t\t<h2 class=\"elementor-heading-title elementor-size-default\">ITI MULTUMIM!<\/h2>\t\t<\/div>\n\t\t\t\t<\/div>\n\t\t        <\/div>\n        <\/div>\n        \t\t        <\/div>\n        <\/section>\n\t\t\t\t\t\t\t<\/div>\n\t\t","protected":false},"excerpt":{"rendered":"<p>Doneaza Directioneaza 3.5% din impozitul pe venit \u2013 persoane fizice SI TU NE POTI AJUTA SA AJUTAM! Dona\u021bia ta reprezint\u0103 modul prin care te al\u0103turi efortului nostru comun de a schimba destine, de a d\u0103rui din ceea ce ai, material \u0219i emo\u021bional. Finan\u021barea este esen\u021bial\u0103 pentru a sus\u021bine proiectele Asocia\u021biei EduCare ini\u021biate \u0219i dezvoltate de [&hellip;]<\/p>\n","protected":false},"author":1,"featured_media":0,"parent":0,"menu_order":0,"comment_status":"closed","ping_status":"closed","template":"","meta":[],"yoast_head":"<!-- This site is optimized with the Yoast SEO plugin v19.14 - https:\/\/yoast.com\/wordpress\/plugins\/seo\/ -->\n<title>Directioneaza 3.5% din impozitul pe venit \u2013 persoane fizice - Asociatia Educare<\/title>\n<meta name=\"robots\" content=\"index, follow, max-snippet:-1, max-image-preview:large, max-video-preview:-1\" \/>\n<link rel=\"canonical\" href=\"https:\/\/asociatiaeducare.ro\/ro\/directioneaza-3-5-din-impozitul-pe-venit-persoane-fizice\/\" \/>\n<meta property=\"og:locale\" content=\"ro_RO\" \/>\n<meta property=\"og:type\" content=\"article\" \/>\n<meta property=\"og:title\" content=\"Directioneaza 3.5% din impozitul pe venit \u2013 persoane fizice - Asociatia Educare\" \/>\n<meta property=\"og:description\" content=\"Doneaza Directioneaza 3.5% din impozitul pe venit \u2013 persoane fizice SI TU NE POTI AJUTA SA AJUTAM! Dona\u021bia ta reprezint\u0103 modul prin care te al\u0103turi efortului nostru comun de a schimba destine, de a d\u0103rui din ceea ce ai, material \u0219i emo\u021bional. Finan\u021barea este esen\u021bial\u0103 pentru a sus\u021bine proiectele Asocia\u021biei EduCare ini\u021biate \u0219i dezvoltate de [&hellip;]\" \/>\n<meta property=\"og:url\" content=\"https:\/\/asociatiaeducare.ro\/ro\/directioneaza-3-5-din-impozitul-pe-venit-persoane-fizice\/\" \/>\n<meta property=\"og:site_name\" content=\"Asociatia Educare\" \/>\n<meta property=\"article:modified_time\" content=\"2023-07-04T13:35:14+00:00\" \/>\n<meta property=\"og:image\" content=\"https:\/\/asociatiaeducare.ro\/ro\/wp-content\/uploads\/2023\/01\/s93-pm-2757_1.jpg\" \/>\n<meta name=\"twitter:card\" content=\"summary_large_image\" \/>\n<meta name=\"twitter:label1\" content=\"Est. reading time\" \/>\n\t<meta name=\"twitter:data1\" content=\"2 minute\" \/>\n<script type=\"application\/ld+json\" class=\"yoast-schema-graph\">{\"@context\":\"https:\/\/schema.org\",\"@graph\":[{\"@type\":\"WebPage\",\"@id\":\"https:\/\/asociatiaeducare.ro\/ro\/directioneaza-3-5-din-impozitul-pe-venit-persoane-fizice\/\",\"url\":\"https:\/\/asociatiaeducare.ro\/ro\/directioneaza-3-5-din-impozitul-pe-venit-persoane-fizice\/\",\"name\":\"Directioneaza 3.5% din impozitul pe venit \u2013 persoane fizice - Asociatia Educare\",\"isPartOf\":{\"@id\":\"https:\/\/asociatiaeducare.ro\/ro\/#website\"},\"datePublished\":\"2023-01-30T08:23:22+00:00\",\"dateModified\":\"2023-07-04T13:35:14+00:00\",\"breadcrumb\":{\"@id\":\"https:\/\/asociatiaeducare.ro\/ro\/directioneaza-3-5-din-impozitul-pe-venit-persoane-fizice\/#breadcrumb\"},\"inLanguage\":\"ro-RO\",\"potentialAction\":[{\"@type\":\"ReadAction\",\"target\":[\"https:\/\/asociatiaeducare.ro\/ro\/directioneaza-3-5-din-impozitul-pe-venit-persoane-fizice\/\"]}]},{\"@type\":\"BreadcrumbList\",\"@id\":\"https:\/\/asociatiaeducare.ro\/ro\/directioneaza-3-5-din-impozitul-pe-venit-persoane-fizice\/#breadcrumb\",\"itemListElement\":[{\"@type\":\"ListItem\",\"position\":1,\"name\":\"Home\",\"item\":\"https:\/\/asociatiaeducare.ro\/ro\/\"},{\"@type\":\"ListItem\",\"position\":2,\"name\":\"Directioneaza 3.5% din impozitul pe venit \u2013 persoane fizice\"}]},{\"@type\":\"WebSite\",\"@id\":\"https:\/\/asociatiaeducare.ro\/ro\/#website\",\"url\":\"https:\/\/asociatiaeducare.ro\/ro\/\",\"name\":\"Asociatia Educare\",\"description\":\"Diferit nu inseamna izolat\",\"potentialAction\":[{\"@type\":\"SearchAction\",\"target\":{\"@type\":\"EntryPoint\",\"urlTemplate\":\"https:\/\/asociatiaeducare.ro\/ro\/?s={search_term_string}\"},\"query-input\":\"required name=search_term_string\"}],\"inLanguage\":\"ro-RO\"}]}<\/script>\n<!-- \/ Yoast SEO plugin. -->","yoast_head_json":{"title":"Directioneaza 3.5% din impozitul pe venit \u2013 persoane fizice - Asociatia Educare","robots":{"index":"index","follow":"follow","max-snippet":"max-snippet:-1","max-image-preview":"max-image-preview:large","max-video-preview":"max-video-preview:-1"},"canonical":"https:\/\/asociatiaeducare.ro\/ro\/directioneaza-3-5-din-impozitul-pe-venit-persoane-fizice\/","og_locale":"ro_RO","og_type":"article","og_title":"Directioneaza 3.5% din impozitul pe venit \u2013 persoane fizice - Asociatia Educare","og_description":"Doneaza Directioneaza 3.5% din impozitul pe venit \u2013 persoane fizice SI TU NE POTI AJUTA SA AJUTAM! Dona\u021bia ta reprezint\u0103 modul prin care te al\u0103turi efortului nostru comun de a schimba destine, de a d\u0103rui din ceea ce ai, material \u0219i emo\u021bional. Finan\u021barea este esen\u021bial\u0103 pentru a sus\u021bine proiectele Asocia\u021biei EduCare ini\u021biate \u0219i dezvoltate de [&hellip;]","og_url":"https:\/\/asociatiaeducare.ro\/ro\/directioneaza-3-5-din-impozitul-pe-venit-persoane-fizice\/","og_site_name":"Asociatia Educare","article_modified_time":"2023-07-04T13:35:14+00:00","og_image":[{"url":"https:\/\/asociatiaeducare.ro\/ro\/wp-content\/uploads\/2023\/01\/s93-pm-2757_1.jpg"}],"twitter_card":"summary_large_image","twitter_misc":{"Est. reading time":"2 minute"},"schema":{"@context":"https:\/\/schema.org","@graph":[{"@type":"WebPage","@id":"https:\/\/asociatiaeducare.ro\/ro\/directioneaza-3-5-din-impozitul-pe-venit-persoane-fizice\/","url":"https:\/\/asociatiaeducare.ro\/ro\/directioneaza-3-5-din-impozitul-pe-venit-persoane-fizice\/","name":"Directioneaza 3.5% din impozitul pe venit \u2013 persoane fizice - Asociatia Educare","isPartOf":{"@id":"https:\/\/asociatiaeducare.ro\/ro\/#website"},"datePublished":"2023-01-30T08:23:22+00:00","dateModified":"2023-07-04T13:35:14+00:00","breadcrumb":{"@id":"https:\/\/asociatiaeducare.ro\/ro\/directioneaza-3-5-din-impozitul-pe-venit-persoane-fizice\/#breadcrumb"},"inLanguage":"ro-RO","potentialAction":[{"@type":"ReadAction","target":["https:\/\/asociatiaeducare.ro\/ro\/directioneaza-3-5-din-impozitul-pe-venit-persoane-fizice\/"]}]},{"@type":"BreadcrumbList","@id":"https:\/\/asociatiaeducare.ro\/ro\/directioneaza-3-5-din-impozitul-pe-venit-persoane-fizice\/#breadcrumb","itemListElement":[{"@type":"ListItem","position":1,"name":"Home","item":"https:\/\/asociatiaeducare.ro\/ro\/"},{"@type":"ListItem","position":2,"name":"Directioneaza 3.5% din impozitul pe venit \u2013 persoane fizice"}]},{"@type":"WebSite","@id":"https:\/\/asociatiaeducare.ro\/ro\/#website","url":"https:\/\/asociatiaeducare.ro\/ro\/","name":"Asociatia Educare","description":"Diferit nu inseamna izolat","potentialAction":[{"@type":"SearchAction","target":{"@type":"EntryPoint","urlTemplate":"https:\/\/asociatiaeducare.ro\/ro\/?s={search_term_string}"},"query-input":"required name=search_term_string"}],"inLanguage":"ro-RO"}]}},"_links":{"self":[{"href":"https:\/\/asociatiaeducare.ro\/ro\/wp-json\/wp\/v2\/pages\/5158"}],"collection":[{"href":"https:\/\/asociatiaeducare.ro\/ro\/wp-json\/wp\/v2\/pages"}],"about":[{"href":"https:\/\/asociatiaeducare.ro\/ro\/wp-json\/wp\/v2\/types\/page"}],"author":[{"embeddable":true,"href":"https:\/\/asociatiaeducare.ro\/ro\/wp-json\/wp\/v2\/users\/1"}],"replies":[{"embeddable":true,"href":"https:\/\/asociatiaeducare.ro\/ro\/wp-json\/wp\/v2\/comments?post=5158"}],"version-history":[{"count":73,"href":"https:\/\/asociatiaeducare.ro\/ro\/wp-json\/wp\/v2\/pages\/5158\/revisions"}],"predecessor-version":[{"id":6113,"href":"https:\/\/asociatiaeducare.ro\/ro\/wp-json\/wp\/v2\/pages\/5158\/revisions\/6113"}],"wp:attachment":[{"href":"https:\/\/asociatiaeducare.ro\/ro\/wp-json\/wp\/v2\/media?parent=5158"}],"curies":[{"name":"wp","href":"https:\/\/api.w.org\/{rel}","templated":true}]}}